{"id":4584,"date":"2022-01-21T09:54:17","date_gmt":"2022-01-21T07:54:17","guid":{"rendered":"https:\/\/safeguarantee.eu\/avaleht\/"},"modified":"2022-02-01T13:12:30","modified_gmt":"2022-02-01T11:12:30","slug":"avaleht","status":"publish","type":"page","link":"https:\/\/safeguarantee.eu\/et\/","title":{"rendered":"Avaleht"},"content":{"rendered":"<div class=\"wpb-content-wrapper\"><p>[vc_row full_width=&#8221;stretch_row_content_no_spaces&#8221;][vc_column]\n <script>\n        jQuery(document).ready(function($){\n\n            $(\".iasion-slides\").rhinoslider({\n                effect: \"fade\",\n                controlsMousewheel: false,\n                autoPlay: true,\n                pauseOnHover: false,\n                showControls: \"always\",\n                showBullets: \"never\",\n                prevText: \"<i class='fa fa-angle-left'><\/i>\",\n                nextText: \"<i class='fa fa-angle-right'><\/i>\",\n                showTime: 5000\n            });\n            \n        });\n        <\/script>\n <div class=\"slider-preloader-wrap\">\n <div class=\"preloader-wrap\"><div class=\"spinner2\"><\/div><\/div>\n <div class=\"iasion-slides\" id=\"iasion-slides-\">\n <div style=\"background-image:url(https:\/\/safeguarantee.eu\/wp-content\/uploads\/sites\/2\/2018\/07\/big-grandparents-computer.jpg)\" class=\"single-iasion-slide-item\" id=\"single-iasion-slide-item-5007\"><div style=\"opacity:.2; background-color:#181a1f\" class=\"slide-overlay\"><\/div>\n\n <div class=\"iasion-slide-table\">\n <div class=\"iasion-slide-tablecell\">\n <div class=\"container\">\n <div class=\"row\">\n <div class=\"col-md-10 col-md-offset-1\">\n <div class=\"iasion-slide-text\">\n <h1>Enam ei mingit stressi ega planeerimata kulutusi<\/h1>\n <p>Kaupade maksimaalne kaitse<\/p>\n\n <\/div>\n <\/div>\n <\/div>\n <\/div>\n <\/div>\n <\/div>\n <\/div>\n \n <div style=\"background-image:url(https:\/\/safeguarantee.eu\/wp-content\/uploads\/sites\/2\/2018\/05\/big-familly-technologyl.jpg)\" class=\"single-iasion-slide-item\" id=\"single-iasion-slide-item-5008\"><div style=\"opacity:.2; background-color:#181a1f\" class=\"slide-overlay\"><\/div>\n\n <div class=\"iasion-slide-table\">\n <div class=\"iasion-slide-tablecell\">\n <div class=\"container\">\n <div class=\"row\">\n <div class=\"col-md-10 col-md-offset-1\">\n <div class=\"iasion-slide-text\">\n <h1>Seadme p\u00fcsiv ja t\u00e4iendav kaitse<\/h1>\n <p>Enam ei mingeid planeerimata kulutusi<\/p>\n\n <\/div>\n <\/div>\n <\/div>\n <\/div>\n <\/div>\n <\/div>\n <\/div>\n <\/div> <\/div>[\/vc_column][\/vc_row][vc_row full_width=&#8221;stretch_row&#8221; css=&#8221;.vc_custom_1531483488580{margin-top: 80px !important;}&#8221;][vc_column el_class=&#8221;about-intro&#8221; offset=&#8221;vc_col-lg-offset-1 vc_col-lg-10 vc_col-md-offset-1 vc_col-md-10&#8243;][vc_column_text]<\/p>\n<p class=\"western\" lang=\"en-GB\">Kaubale pikendatud v\u00f5i t\u00e4iendava kaitse v\u00f5ib omandada iga f\u00fc\u00fcsiline v\u00f5i juriidiline isik, kes ostab elektroonikat v\u00f5i kodumasinaid. Garanteerime, et eseme kahjustumise korral parandame selle koheselt v\u00f5i asendame uuega.<\/p>\n<p>[\/vc_column_text][\/vc_column][\/vc_row][vc_row full_width=&#8221;stretch_row_content&#8221; equal_height=&#8221;yes&#8221; css=&#8221;.vc_custom_1526977034943{margin-top: 40px !important;}&#8221; el_class=&#8221;tablet-row&#8221;][vc_column css=&#8221;.vc_custom_1525430792443{background-color: #f4f4f4 !important;}&#8221;][vc_single_image image=&#8221;3361&#8243; img_size=&#8221;950&#215;455&#8243; alignment=&#8221;center&#8221;][vc_column_text css=&#8221;.vc_custom_1526977105632{padding-left: 10px !important;background-color: #f4f4f4 !important;}&#8221;]<\/p>\n<h3 style=\"text-align: center;\">Miks valida meid?<\/h3>\n<p>[\/vc_column_text][vc_row_inner][vc_column_inner width=&#8221;1\/2&#8243;]\n <div class=\"consulto-feature-box\">\n <div class= \"consulto-feature-icon\">\n <div class=\"consulto-feature-table\">\n <div class=\"consulto-feature-table-cell\"><i class=\"fa fa-volume-control-phone\"><\/i>\n <\/div>\n <\/div>\n <\/div>\n\n <div class= \"consulto-feature-content\">\n <h3>Tehniku v\u00e4ljakutse koju<\/h3>\n <p>Kui toode kaalub \u00fcle 10 kg, on teenus tasuta.<\/p>\n\n \n <\/div>\n\n <\/div>\n \n [\/vc_column_inner][vc_column_inner width=&#8221;1\/2&#8243;]\n <div class=\"consulto-feature-box\">\n <div class= \"consulto-feature-icon\">\n <div class=\"consulto-feature-table\">\n <div class=\"consulto-feature-table-cell\"><i class=\"fa fa-wrench\"><\/i>\n <\/div>\n <\/div>\n <\/div>\n\n <div class= \"consulto-feature-content\">\n <h3>Professionaalne remont<\/h3>\n <p>Kaupa parandavad tootjate poolt sertifitseeritud tehnilised teeninduskeskused.<\/p>\n\n \n <\/div>\n\n <\/div>\n \n [\/vc_column_inner][\/vc_row_inner][vc_row_inner][vc_column_inner width=&#8221;1\/2&#8243;]\n <div class=\"consulto-feature-box\">\n <div class= \"consulto-feature-icon\">\n <div class=\"consulto-feature-table\">\n <div class=\"consulto-feature-table-cell\"><i class=\"fa fa-truck\"><\/i>\n <\/div>\n <\/div>\n <\/div>\n\n <div class= \"consulto-feature-content\">\n <h3>Tasuta k\u00e4ttetoimetamine<\/h3>\n <p>Kui toode kaalub rohkem kui 10 kg, transpordime toote tasuta teeninduskeskusesse ja sealt tagasi.<\/p>\n\n \n <\/div>\n\n <\/div>\n \n [\/vc_column_inner][vc_column_inner width=&#8221;1\/2&#8243;]\n <div class=\"consulto-feature-box\">\n <div class= \"consulto-feature-icon\">\n <div class=\"consulto-feature-table\">\n <div class=\"consulto-feature-table-cell\"><i class=\"fa fa-refresh\"><\/i>\n <\/div>\n <\/div>\n <\/div>\n\n <div class= \"consulto-feature-content\">\n <h3>Tootevahetus<\/h3>\n <p>Kui ostueset ei saa parandada, vahetame selle uue analoogse esemega.<\/p>\n\n \n <\/div>\n\n <\/div>\n \n [\/vc_column_inner][\/vc_row_inner][\/vc_column][\/vc_row][vc_row css=&#8221;.vc_custom_1506352925815{margin-top: 60px !important;}&#8221;][vc_column]\n <div class=\"iasion-section-title iasion-section-title-style\"><h2>Teenused<\/h2><\/div>[\/vc_column][\/vc_row][vc_row equal_height=&#8221;yes&#8221;][vc_column width=&#8221;1\/2&#8243;]\n <div class=\"iasion-service-box\">\n <div style=\"background-image:url()\" class=\"iasion-service-box-bg\">\n <div class=\"iasion-service-box-bg-invert\">\n <div class= \"iasion-service-icon\">\n <div class=\"iasion-service-table\">\n <div class=\"iasion-service-table-cell\"><i class=\"fas fa-wrench\"><\/i>\n <\/div>\n <\/div>\n <\/div>\n \n\n <div class= \"iasion-service-content\">\n <h3>J\u00e4tkuv ostukaitse<\/h3>\n <p>Toote parandamine v\u00f5i asendamine p\u00e4rast tootjapoolse garantii l\u00f5ppemist. Elektroonikale ja kodumasinatele.<\/p>\n\n <a href=\"https:\/\/safeguarantee.eu\/et\/milliseid-kaupu-saab-kaitsta\/\" class=\"service-more-btn\">rohkem<\/a> \n <\/div>\n\n <\/div> \n\n <\/div>\n <\/div>\n \n [\/vc_column][vc_column width=&#8221;1\/2&#8243;]\n <div class=\"iasion-service-box\">\n <div style=\"background-image:url()\" class=\"iasion-service-box-bg\">\n <div class=\"iasion-service-box-bg-invert\">\n <div class= \"iasion-service-icon\">\n <div class=\"iasion-service-table\">\n <div class=\"iasion-service-table-cell\"><i class=\"fas fa-shield-alt\"><\/i>\n <\/div>\n <\/div>\n <\/div>\n \n\n <div class= \"iasion-service-content\">\n <h3>T\u00e4iendav ostukaitse<\/h3>\n <p>Elektroonika- ja kodumasinate kaupade lisakaitse.<\/p>\n\n <a href=\"https:\/\/safeguarantee.eu\/et\/milliseid-kaupu-saab-kaitsta\/\" class=\"service-more-btn\">rohkem<\/a> \n <\/div>\n\n <\/div> \n\n <\/div>\n <\/div>\n \n [\/vc_column][\/vc_row][vc_row full_width=&#8221;stretch_row_content&#8221; css=&#8221;.vc_custom_1530536004507{margin-top: 0px !important;background-color: #ffffff !important;}&#8221;][vc_column css=&#8221;.vc_custom_1522735215954{margin-top: 20px !important;}&#8221;]\n <div class=\"iasion-section-title iasion-section-title-style\"><h2>K.K.K.<\/h2><\/div>[\/vc_column][\/vc_row][vc_row full_width=&#8221;stretch_row_content&#8221; css=&#8221;.vc_custom_1530535956704{background-color: #ffffff !important;}&#8221;][vc_column width=&#8221;1\/6&#8243;][\/vc_column][vc_column width=&#8221;2\/3&#8243;][vc_tta_accordion][vc_tta_section title=&#8221;Mida teha, kui toode l\u00e4heb rikki?&#8221; tab_id=&#8221;1522734401417-ad4310de-fe57&#8243;][vc_column_text]Rikke registreerimiseks helistage telefoninumbril +372 519 97752. &#8220;Safe Guarantee&#8221; konsultandid annavad teile teavet, kuidas remondi v\u00f5i vahetusega edasi minna.[\/vc_column_text][\/vc_tta_section][vc_tta_section title=&#8221;Kas ma pean toote teeninduskeskusesse toimetama?&#8221; tab_id=&#8221;1522734401462-180802ef-43c7&#8243;][vc_column_text]<\/p>\n<p>Kui toode kaalub rohkem kui 10 kg, transpordime toote tasuta teeninduskeskusesse ja sealt tagasi. Kui toode kaalub v\u00e4hem kui 10 kg, peate viima selle l\u00e4himasse teeninduskeskusesse ise.<\/p>\n<p>[\/vc_column_text][\/vc_tta_section][vc_tta_section title=&#8221;Millal vahetatakse toode uue vastu?&#8221; tab_id=&#8221;1522734672181-62325b4a-81f3&#8243;][vc_column_text]Kui ostueset ei ole v\u00f5imalik parandada v\u00f5i kui selle parandamine ei ole majanduslikult otstarbekas, asendame selle uue esemega. Samuti asendame toote k\u00f5igile klientidele teenusepaketiga \u201eVahetus\u201c.[\/vc_column_text][\/vc_tta_section][vc_tta_section title=&#8221;Kui kaua p\u00e4rast ostu saab pikendatud garantiiteenust osta v\u00f5i l\u00f5petada?&#8221; tab_id=&#8221;1526646926094-15ea1dbf-4e65&#8243;][vc_column_text]J\u00e4tkuva garantii saate osta v\u00f5i l\u00f5petada 30 kalendrip\u00e4eva jooksul alates ostukuup\u00e4evast.[\/vc_column_text][\/vc_tta_section][\/vc_tta_accordion][\/vc_column][vc_column width=&#8221;1\/6&#8243;][\/vc_column][\/vc_row]<\/p>\n<\/div>","protected":false},"excerpt":{"rendered":"<p>[vc_row full_width=&#8221;stretch_row_content_no_spaces&#8221;][vc_column][\/vc_column][\/vc_row][vc_row full_width=&#8221;stretch_row&#8221; css=&#8221;.vc_custom_1531483488580{margin-top: 80px !important;}&#8221;][vc_column el_class=&#8221;about-intro&#8221; offset=&#8221;vc_col-lg-offset-1 vc_col-lg-10 vc_col-md-offset-1 vc_col-md-10&#8243;][vc_column_text] Kaubale pikendatud v\u00f5i t\u00e4iendava kaitse v\u00f5ib omandada iga f\u00fc\u00fcsiline v\u00f5i juriidiline isik, kes ostab elektroonikat v\u00f5i kodumasinaid. Garanteerime, et eseme kahjustumise korral parandame selle koheselt v\u00f5i asendame uuega. [\/vc_column_text][\/vc_column][\/vc_row][vc_row full_width=&#8221;stretch_row_content&#8221; equal_height=&#8221;yes&#8221; css=&#8221;.vc_custom_1526977034943{margin-top: 40px !important;}&#8221; el_class=&#8221;tablet-row&#8221;][vc_column css=&#8221;.vc_custom_1525430792443{background-color: #f4f4f4 !important;}&#8221;][vc_single_image image=&#8221;3361&#8243; img_size=&#8221;950&#215;455&#8243; alignment=&#8221;center&#8221;][vc_column_text css=&#8221;.vc_custom_1526977105632{padding-left: 10px !important;background-color: [&hellip;]<\/p>\n","protected":false},"author":1,"featured_media":0,"parent":0,"menu_order":0,"comment_status":"closed","ping_status":"closed","template":"","meta":{"_acf_changed":false,"footnotes":""},"acf":[],"yoast_head":"\n<title>Laiendatud kaitse teile | Safe guarantee<\/title>\n<meta name=\"description\" content=\"Laiendatud valveteenuse teenused pakuvad teile kvaliteetset pidevat turvateenust teie kodutehnikale, heli- ja videotehnikale ning telefonidele ja arvutitehnikale p\u00e4rast tootjapoolse hooldusperioodi l\u00f5ppemist.\" \/>\n<meta name=\"robots\" content=\"index, follow, max-snippet:-1, max-image-preview:large, max-video-preview:-1\" \/>\n<link rel=\"canonical\" href=\"https:\/\/safeguarantee.eu\/et\/\" \/>\n<meta property=\"og:locale\" content=\"et_EE\" \/>\n<meta property=\"og:type\" content=\"article\" \/>\n<meta property=\"og:title\" content=\"Laiendatud kaitse teile | Safe guarantee\" \/>\n<meta property=\"og:description\" content=\"Laiendatud valveteenuse teenused pakuvad teile kvaliteetset pidevat turvateenust teie kodutehnikale, heli- ja videotehnikale ning telefonidele ja arvutitehnikale p\u00e4rast tootjapoolse hooldusperioodi l\u00f5ppemist.\" \/>\n<meta property=\"og:url\" content=\"https:\/\/safeguarantee.eu\/et\/\" \/>\n<meta property=\"og:site_name\" content=\"Safeguarantee\" \/>\n<meta property=\"article:modified_time\" content=\"2022-02-01T11:12:30+00:00\" \/>\n<meta name=\"twitter:card\" content=\"summary_large_image\" \/>\n<meta name=\"twitter:label1\" content=\"Est. reading time\" \/>\n\t<meta name=\"twitter:data1\" content=\"2 minutit\" \/>\n<script type=\"application\/ld+json\" class=\"yoast-schema-graph\">{\"@context\":\"https:\/\/schema.org\",\"@graph\":[{\"@type\":\"WebPage\",\"@id\":\"https:\/\/safeguarantee.eu\/et\/\",\"url\":\"https:\/\/safeguarantee.eu\/et\/\",\"name\":\"Laiendatud kaitse teile | Safe guarantee\",\"isPartOf\":{\"@id\":\"https:\/\/safeguarantee.eu\/#website\"},\"datePublished\":\"2022-01-21T07:54:17+00:00\",\"dateModified\":\"2022-02-01T11:12:30+00:00\",\"description\":\"Laiendatud valveteenuse teenused pakuvad teile kvaliteetset pidevat turvateenust teie kodutehnikale, heli- ja videotehnikale ning telefonidele ja arvutitehnikale p\u00e4rast tootjapoolse hooldusperioodi l\u00f5ppemist.\",\"breadcrumb\":{\"@id\":\"https:\/\/safeguarantee.eu\/et\/#breadcrumb\"},\"inLanguage\":\"et\",\"potentialAction\":[{\"@type\":\"ReadAction\",\"target\":[\"https:\/\/safeguarantee.eu\/et\/\"]}]},{\"@type\":\"BreadcrumbList\",\"@id\":\"https:\/\/safeguarantee.eu\/et\/#breadcrumb\",\"itemListElement\":[{\"@type\":\"ListItem\",\"position\":1,\"name\":\"Home\",\"item\":\"https:\/\/safeguarantee.eu\/et\/\"},{\"@type\":\"ListItem\",\"position\":2,\"name\":\"Avaleht\"}]},{\"@type\":\"WebSite\",\"@id\":\"https:\/\/safeguarantee.eu\/#website\",\"url\":\"https:\/\/safeguarantee.eu\/\",\"name\":\"Safeguarantee\",\"description\":\"apsidrausk\",\"potentialAction\":[{\"@type\":\"SearchAction\",\"target\":{\"@type\":\"EntryPoint\",\"urlTemplate\":\"https:\/\/safeguarantee.eu\/?s={search_term_string}\"},\"query-input\":\"required name=search_term_string\"}],\"inLanguage\":\"et\"}]}<\/script>\n","yoast_head_json":{"title":"Laiendatud kaitse teile | Safe guarantee","description":"Laiendatud valveteenuse teenused pakuvad teile kvaliteetset pidevat turvateenust teie kodutehnikale, heli- ja videotehnikale ning telefonidele ja arvutitehnikale p\u00e4rast tootjapoolse hooldusperioodi l\u00f5ppemist.","robots":{"index":"index","follow":"follow","max-snippet":"max-snippet:-1","max-image-preview":"max-image-preview:large","max-video-preview":"max-video-preview:-1"},"canonical":"https:\/\/safeguarantee.eu\/et\/","og_locale":"et_EE","og_type":"article","og_title":"Laiendatud kaitse teile | Safe guarantee","og_description":"Laiendatud valveteenuse teenused pakuvad teile kvaliteetset pidevat turvateenust teie kodutehnikale, heli- ja videotehnikale ning telefonidele ja arvutitehnikale p\u00e4rast tootjapoolse hooldusperioodi l\u00f5ppemist.","og_url":"https:\/\/safeguarantee.eu\/et\/","og_site_name":"Safeguarantee","article_modified_time":"2022-02-01T11:12:30+00:00","twitter_card":"summary_large_image","twitter_misc":{"Est. reading time":"2 minutit"},"schema":{"@context":"https:\/\/schema.org","@graph":[{"@type":"WebPage","@id":"https:\/\/safeguarantee.eu\/et\/","url":"https:\/\/safeguarantee.eu\/et\/","name":"Laiendatud kaitse teile | Safe guarantee","isPartOf":{"@id":"https:\/\/safeguarantee.eu\/#website"},"datePublished":"2022-01-21T07:54:17+00:00","dateModified":"2022-02-01T11:12:30+00:00","description":"Laiendatud valveteenuse teenused pakuvad teile kvaliteetset pidevat turvateenust teie kodutehnikale, heli- ja videotehnikale ning telefonidele ja arvutitehnikale p\u00e4rast tootjapoolse hooldusperioodi l\u00f5ppemist.","breadcrumb":{"@id":"https:\/\/safeguarantee.eu\/et\/#breadcrumb"},"inLanguage":"et","potentialAction":[{"@type":"ReadAction","target":["https:\/\/safeguarantee.eu\/et\/"]}]},{"@type":"BreadcrumbList","@id":"https:\/\/safeguarantee.eu\/et\/#breadcrumb","itemListElement":[{"@type":"ListItem","position":1,"name":"Home","item":"https:\/\/safeguarantee.eu\/et\/"},{"@type":"ListItem","position":2,"name":"Avaleht"}]},{"@type":"WebSite","@id":"https:\/\/safeguarantee.eu\/#website","url":"https:\/\/safeguarantee.eu\/","name":"Safeguarantee","description":"apsidrausk","potentialAction":[{"@type":"SearchAction","target":{"@type":"EntryPoint","urlTemplate":"https:\/\/safeguarantee.eu\/?s={search_term_string}"},"query-input":"required name=search_term_string"}],"inLanguage":"et"}]}},"_links":{"self":[{"href":"https:\/\/safeguarantee.eu\/et\/wp-json\/wp\/v2\/pages\/4584"}],"collection":[{"href":"https:\/\/safeguarantee.eu\/et\/wp-json\/wp\/v2\/pages"}],"about":[{"href":"https:\/\/safeguarantee.eu\/et\/wp-json\/wp\/v2\/types\/page"}],"author":[{"embeddable":true,"href":"https:\/\/safeguarantee.eu\/et\/wp-json\/wp\/v2\/users\/1"}],"replies":[{"embeddable":true,"href":"https:\/\/safeguarantee.eu\/et\/wp-json\/wp\/v2\/comments?post=4584"}],"version-history":[{"count":8,"href":"https:\/\/safeguarantee.eu\/et\/wp-json\/wp\/v2\/pages\/4584\/revisions"}],"predecessor-version":[{"id":5632,"href":"https:\/\/safeguarantee.eu\/et\/wp-json\/wp\/v2\/pages\/4584\/revisions\/5632"}],"wp:attachment":[{"href":"https:\/\/safeguarantee.eu\/et\/wp-json\/wp\/v2\/media?parent=4584"}],"curies":[{"name":"wp","href":"https:\/\/api.w.org\/{rel}","templated":true}]}}