{"id":4610,"date":"2022-01-21T10:47:16","date_gmt":"2022-01-21T08:47:16","guid":{"rendered":"https:\/\/safeguarantee.eu\/d-u-k\/"},"modified":"2022-01-25T12:21:02","modified_gmt":"2022-01-25T10:21:02","slug":"k-k-k","status":"publish","type":"page","link":"https:\/\/safeguarantee.eu\/et\/k-k-k\/","title":{"rendered":"K.K.K."},"content":{"rendered":"<div class=\"wpb-content-wrapper\"><p>[vc_row css=&#8221;.vc_custom_1506900785566{margin-top: 80px !important;}&#8221;][vc_column]\n <div class=\"iasion-section-title iasion-section-title-style\"><h2>Miks osta j\u00e4tkuv turvateenus?<\/h2><\/div>[\/vc_column][\/vc_row][vc_row full_width=&#8221;stretch_row_content&#8221;][vc_column width=&#8221;2\/3&#8243; offset=&#8221;vc_col-lg-offset-2 vc_col-lg-8 vc_col-md-offset-1 vc_col-md-10&#8243; css=&#8221;.vc_custom_1506899971618{margin-top: 30px !important;margin-bottom: 30px !important;}&#8221;][vc_tta_accordion][vc_tta_section title=&#8221;Tasuta tehniku v\u00e4ljakutse&#8221; tab_id=&#8221;1522325004362-9f1b879d-c473&#8243;][vc_column_text]Tasuta tehniku v\u00e4ljakutse kehtib \u00fcle 10 kg kaaluvate esemete puhul.[\/vc_column_text][\/vc_tta_section][vc_tta_section title=&#8221;Tasuta transport&#8221; tab_id=&#8221;1522325004407-56d8347a-f720&#8243;][vc_column_text]Pakume suuremahulise kauba tasuta transporti t\u00f6\u00f6kotta ja sealt tagasi.[\/vc_column_text][\/vc_tta_section][vc_tta_section title=&#8221;Osade vahetamine&#8221; tab_id=&#8221;1522325004447-7900fc5f-87c0&#8243;][vc_column_text]Vahetame defektsed osad tasuta.[\/vc_column_text][\/vc_tta_section][vc_tta_section title=&#8221;Tootevahetus&#8221; tab_id=&#8221;1522325004497-7e0cb3b0-4737&#8243;][vc_column_text]Kui ostueset ei saa parandada, vahetame selle uue analoogse esemega.[\/vc_column_text][\/vc_tta_section][\/vc_tta_accordion][\/vc_column][\/vc_row][vc_row css=&#8221;.vc_custom_1506900785566{margin-top: 80px !important;}&#8221;][vc_column]\n <div class=\"iasion-section-title iasion-section-title-style\"><h2>K.K.K.<\/h2><\/div>[\/vc_column][\/vc_row][vc_row full_width=&#8221;stretch_row_content&#8221;][vc_column width=&#8221;2\/3&#8243; offset=&#8221;vc_col-lg-offset-2 vc_col-lg-8 vc_col-md-offset-1 vc_col-md-10&#8243; css=&#8221;.vc_custom_1506899971618{margin-top: 30px !important;margin-bottom: 30px !important;}&#8221;][vc_tta_accordion][vc_tta_section title=&#8221;Mida teha, kui toode l\u00e4heb rikki? &#8221; tab_id=&#8221;1506899622095-773063a0-4e45&#8243;][vc_column_text]Rikke registreerimiseks helistage telefoninumbril +372 519 97752. &#8220;Safe Guarantee&#8221; konsultandid annavad teile teavet, kuidas remondi v\u00f5i vahetusega edasi minna.<br \/>\nRegistreerige rike aadressil\u00a0www.safeguarantee.eu, konsultandid v\u00f5tavad teiega \u00fchendust ja annavad teavet toote parandamise v\u00f5i asendamise edenemise kohta.[\/vc_column_text][\/vc_tta_section][vc_tta_section title=&#8221;Kas ma pean toote teeninduskeskusesse toimetama?&#8221; tab_id=&#8221;1506899705530-dd9fb736-1f99&#8243;][vc_column_text]Kui toode kaalub rohkem kui 10 kg, transpordime toote tasuta teeninduskeskusesse ja sealt tagasi. Kui toode kaalub v\u00e4hem kui 10 kg, peate viima selle l\u00e4himasse teeninduskeskusesse ise.[\/vc_column_text][\/vc_tta_section][vc_tta_section title=&#8221;Millal vahetatakse toode uue vastu?&#8221; tab_id=&#8221;1506899751310-74b4ac98-7da6&#8243;][vc_column_text]Kui ostueset ei ole v\u00f5imalik parandada v\u00f5i kui selle parandamine ei ole majanduslikult otstarbekas, asendame selle uue esemega. Samuti asendame toote k\u00f5igile klientidele teenusepaketiga \u201eVahetus\u201c.[\/vc_column_text][\/vc_tta_section][vc_tta_section title=&#8221;Kui kaua p\u00e4rast ostu saab pikendatud garantiiteenust osta v\u00f5i l\u00f5petada? &#8221; tab_id=&#8221;1526635410130-5c3400b2-6665&#8243;][vc_column_text]J\u00e4tkuva garantii saate osta v\u00f5i l\u00f5petada 30 kalendrip\u00e4eva jooksul alates ostukuup\u00e4evast.[\/vc_column_text][\/vc_tta_section][\/vc_tta_accordion][\/vc_column][\/vc_row][vc_row full_width=&#8221;stretch_row_content&#8221; css=&#8221;.vc_custom_1526891171401{margin-top: 80px !important;background-color: #999999 !important;background-position: center !important;background-repeat: no-repeat !important;background-size: cover !important;}&#8221;][vc_column]<div class=\"iasion-cta-box\">\n <div class=\"iasion-cta-info\">\n <h3>Ei leia vastust oma k\u00fcsimusele?<\/h3>\n \n <\/div>\n <a href=\"https:\/\/safeguarantee.eu\/lt\/kontaktai\/\" class=\"iasion-btn iasion-cta-btn\">V\u00f5ta meiega \u00fchendust<\/a>\n <\/div>[\/vc_column][\/vc_row]<\/p>\n<\/div>","protected":false},"excerpt":{"rendered":"<p>[vc_row css=&#8221;.vc_custom_1506900785566{margin-top: 80px !important;}&#8221;][vc_column][\/vc_column][\/vc_row][vc_row full_width=&#8221;stretch_row_content&#8221;][vc_column width=&#8221;2\/3&#8243; offset=&#8221;vc_col-lg-offset-2 vc_col-lg-8 vc_col-md-offset-1 vc_col-md-10&#8243; css=&#8221;.vc_custom_1506899971618{margin-top: 30px !important;margin-bottom: 30px !important;}&#8221;][vc_tta_accordion][vc_tta_section title=&#8221;Tasuta tehniku v\u00e4ljakutse&#8221; tab_id=&#8221;1522325004362-9f1b879d-c473&#8243;][vc_column_text]Tasuta tehniku v\u00e4ljakutse kehtib \u00fcle 10 kg kaaluvate esemete puhul.[\/vc_column_text][\/vc_tta_section][vc_tta_section title=&#8221;Tasuta transport&#8221; tab_id=&#8221;1522325004407-56d8347a-f720&#8243;][vc_column_text]Pakume suuremahulise kauba tasuta transporti t\u00f6\u00f6kotta ja sealt tagasi.[\/vc_column_text][\/vc_tta_section][vc_tta_section title=&#8221;Osade vahetamine&#8221; tab_id=&#8221;1522325004447-7900fc5f-87c0&#8243;][vc_column_text]Vahetame defektsed osad tasuta.[\/vc_column_text][\/vc_tta_section][vc_tta_section title=&#8221;Tootevahetus&#8221; tab_id=&#8221;1522325004497-7e0cb3b0-4737&#8243;][vc_column_text]Kui ostueset ei saa parandada, vahetame selle uue analoogse [&hellip;]<\/p>\n","protected":false},"author":1,"featured_media":4340,"parent":0,"menu_order":0,"comment_status":"closed","ping_status":"closed","template":"","meta":{"_acf_changed":false,"footnotes":""},"acf":[],"yoast_head":"\n<title>K.K.K. - Safeguarantee<\/title>\n<meta name=\"robots\" content=\"index, follow, max-snippet:-1, max-image-preview:large, max-video-preview:-1\" \/>\n<link rel=\"canonical\" href=\"https:\/\/safeguarantee.eu\/k-k-k\/\" \/>\n<meta property=\"og:locale\" content=\"et_EE\" \/>\n<meta property=\"og:type\" content=\"article\" \/>\n<meta property=\"og:title\" content=\"K.K.K. - Safeguarantee\" \/>\n<meta property=\"og:description\" content=\"[vc_row css=&#8221;.vc_custom_1506900785566{margin-top: 80px !important;}&#8221;][vc_column][\/vc_column][\/vc_row][vc_row full_width=&#8221;stretch_row_content&#8221;][vc_column width=&#8221;2\/3&#8243; offset=&#8221;vc_col-lg-offset-2 vc_col-lg-8 vc_col-md-offset-1 vc_col-md-10&#8243; css=&#8221;.vc_custom_1506899971618{margin-top: 30px !important;margin-bottom: 30px !important;}&#8221;][vc_tta_accordion][vc_tta_section title=&#8221;Tasuta tehniku v\u00e4ljakutse&#8221; tab_id=&#8221;1522325004362-9f1b879d-c473&#8243;][vc_column_text]Tasuta tehniku v\u00e4ljakutse kehtib \u00fcle 10 kg kaaluvate esemete puhul.[\/vc_column_text][\/vc_tta_section][vc_tta_section title=&#8221;Tasuta transport&#8221; tab_id=&#8221;1522325004407-56d8347a-f720&#8243;][vc_column_text]Pakume suuremahulise kauba tasuta transporti t\u00f6\u00f6kotta ja sealt tagasi.[\/vc_column_text][\/vc_tta_section][vc_tta_section title=&#8221;Osade vahetamine&#8221; tab_id=&#8221;1522325004447-7900fc5f-87c0&#8243;][vc_column_text]Vahetame defektsed osad tasuta.[\/vc_column_text][\/vc_tta_section][vc_tta_section title=&#8221;Tootevahetus&#8221; tab_id=&#8221;1522325004497-7e0cb3b0-4737&#8243;][vc_column_text]Kui ostueset ei saa parandada, vahetame selle uue analoogse [&hellip;]\" \/>\n<meta property=\"og:url\" content=\"https:\/\/safeguarantee.eu\/k-k-k\/\" \/>\n<meta property=\"og:site_name\" content=\"Safeguarantee\" \/>\n<meta property=\"article:modified_time\" content=\"2022-01-25T10:21:02+00:00\" \/>\n<meta property=\"og:image\" content=\"https:\/\/safeguarantee.eu\/wp-content\/uploads\/sites\/2\/2017\/11\/photodune-17006949-family-with-grandparents-using-technology-at-home-xxl.jpg\" \/>\n\t<meta property=\"og:image:width\" content=\"1980\" \/>\n\t<meta property=\"og:image:height\" content=\"1320\" \/>\n\t<meta property=\"og:image:type\" content=\"image\/jpeg\" \/>\n<meta name=\"twitter:card\" content=\"summary_large_image\" \/>\n<meta name=\"twitter:label1\" content=\"Est. reading time\" \/>\n\t<meta name=\"twitter:data1\" content=\"3 minutit\" \/>\n<script type=\"application\/ld+json\" class=\"yoast-schema-graph\">{\"@context\":\"https:\/\/schema.org\",\"@graph\":[{\"@type\":\"WebPage\",\"@id\":\"https:\/\/safeguarantee.eu\/k-k-k\/\",\"url\":\"https:\/\/safeguarantee.eu\/k-k-k\/\",\"name\":\"K.K.K. - Safeguarantee\",\"isPartOf\":{\"@id\":\"https:\/\/safeguarantee.eu\/#website\"},\"datePublished\":\"2022-01-21T08:47:16+00:00\",\"dateModified\":\"2022-01-25T10:21:02+00:00\",\"breadcrumb\":{\"@id\":\"https:\/\/safeguarantee.eu\/k-k-k\/#breadcrumb\"},\"inLanguage\":\"et\",\"potentialAction\":[{\"@type\":\"ReadAction\",\"target\":[\"https:\/\/safeguarantee.eu\/k-k-k\/\"]}]},{\"@type\":\"BreadcrumbList\",\"@id\":\"https:\/\/safeguarantee.eu\/k-k-k\/#breadcrumb\",\"itemListElement\":[{\"@type\":\"ListItem\",\"position\":1,\"name\":\"Home\",\"item\":\"https:\/\/safeguarantee.eu\/et\/\"},{\"@type\":\"ListItem\",\"position\":2,\"name\":\"K.K.K.\"}]},{\"@type\":\"WebSite\",\"@id\":\"https:\/\/safeguarantee.eu\/#website\",\"url\":\"https:\/\/safeguarantee.eu\/\",\"name\":\"Safeguarantee\",\"description\":\"apsidrausk\",\"potentialAction\":[{\"@type\":\"SearchAction\",\"target\":{\"@type\":\"EntryPoint\",\"urlTemplate\":\"https:\/\/safeguarantee.eu\/?s={search_term_string}\"},\"query-input\":\"required name=search_term_string\"}],\"inLanguage\":\"et\"}]}<\/script>\n","yoast_head_json":{"title":"K.K.K. - Safeguarantee","robots":{"index":"index","follow":"follow","max-snippet":"max-snippet:-1","max-image-preview":"max-image-preview:large","max-video-preview":"max-video-preview:-1"},"canonical":"https:\/\/safeguarantee.eu\/k-k-k\/","og_locale":"et_EE","og_type":"article","og_title":"K.K.K. - Safeguarantee","og_description":"[vc_row css=&#8221;.vc_custom_1506900785566{margin-top: 80px !important;}&#8221;][vc_column][\/vc_column][\/vc_row][vc_row full_width=&#8221;stretch_row_content&#8221;][vc_column width=&#8221;2\/3&#8243; offset=&#8221;vc_col-lg-offset-2 vc_col-lg-8 vc_col-md-offset-1 vc_col-md-10&#8243; css=&#8221;.vc_custom_1506899971618{margin-top: 30px !important;margin-bottom: 30px !important;}&#8221;][vc_tta_accordion][vc_tta_section title=&#8221;Tasuta tehniku v\u00e4ljakutse&#8221; tab_id=&#8221;1522325004362-9f1b879d-c473&#8243;][vc_column_text]Tasuta tehniku v\u00e4ljakutse kehtib \u00fcle 10 kg kaaluvate esemete puhul.[\/vc_column_text][\/vc_tta_section][vc_tta_section title=&#8221;Tasuta transport&#8221; tab_id=&#8221;1522325004407-56d8347a-f720&#8243;][vc_column_text]Pakume suuremahulise kauba tasuta transporti t\u00f6\u00f6kotta ja sealt tagasi.[\/vc_column_text][\/vc_tta_section][vc_tta_section title=&#8221;Osade vahetamine&#8221; tab_id=&#8221;1522325004447-7900fc5f-87c0&#8243;][vc_column_text]Vahetame defektsed osad tasuta.[\/vc_column_text][\/vc_tta_section][vc_tta_section title=&#8221;Tootevahetus&#8221; tab_id=&#8221;1522325004497-7e0cb3b0-4737&#8243;][vc_column_text]Kui ostueset ei saa parandada, vahetame selle uue analoogse [&hellip;]","og_url":"https:\/\/safeguarantee.eu\/k-k-k\/","og_site_name":"Safeguarantee","article_modified_time":"2022-01-25T10:21:02+00:00","og_image":[{"width":1980,"height":1320,"url":"https:\/\/safeguarantee.eu\/wp-content\/uploads\/sites\/2\/2017\/11\/photodune-17006949-family-with-grandparents-using-technology-at-home-xxl.jpg","type":"image\/jpeg"}],"twitter_card":"summary_large_image","twitter_misc":{"Est. reading time":"3 minutit"},"schema":{"@context":"https:\/\/schema.org","@graph":[{"@type":"WebPage","@id":"https:\/\/safeguarantee.eu\/k-k-k\/","url":"https:\/\/safeguarantee.eu\/k-k-k\/","name":"K.K.K. - Safeguarantee","isPartOf":{"@id":"https:\/\/safeguarantee.eu\/#website"},"datePublished":"2022-01-21T08:47:16+00:00","dateModified":"2022-01-25T10:21:02+00:00","breadcrumb":{"@id":"https:\/\/safeguarantee.eu\/k-k-k\/#breadcrumb"},"inLanguage":"et","potentialAction":[{"@type":"ReadAction","target":["https:\/\/safeguarantee.eu\/k-k-k\/"]}]},{"@type":"BreadcrumbList","@id":"https:\/\/safeguarantee.eu\/k-k-k\/#breadcrumb","itemListElement":[{"@type":"ListItem","position":1,"name":"Home","item":"https:\/\/safeguarantee.eu\/et\/"},{"@type":"ListItem","position":2,"name":"K.K.K."}]},{"@type":"WebSite","@id":"https:\/\/safeguarantee.eu\/#website","url":"https:\/\/safeguarantee.eu\/","name":"Safeguarantee","description":"apsidrausk","potentialAction":[{"@type":"SearchAction","target":{"@type":"EntryPoint","urlTemplate":"https:\/\/safeguarantee.eu\/?s={search_term_string}"},"query-input":"required name=search_term_string"}],"inLanguage":"et"}]}},"_links":{"self":[{"href":"https:\/\/safeguarantee.eu\/et\/wp-json\/wp\/v2\/pages\/4610"}],"collection":[{"href":"https:\/\/safeguarantee.eu\/et\/wp-json\/wp\/v2\/pages"}],"about":[{"href":"https:\/\/safeguarantee.eu\/et\/wp-json\/wp\/v2\/types\/page"}],"author":[{"embeddable":true,"href":"https:\/\/safeguarantee.eu\/et\/wp-json\/wp\/v2\/users\/1"}],"replies":[{"embeddable":true,"href":"https:\/\/safeguarantee.eu\/et\/wp-json\/wp\/v2\/comments?post=4610"}],"version-history":[{"count":6,"href":"https:\/\/safeguarantee.eu\/et\/wp-json\/wp\/v2\/pages\/4610\/revisions"}],"predecessor-version":[{"id":4960,"href":"https:\/\/safeguarantee.eu\/et\/wp-json\/wp\/v2\/pages\/4610\/revisions\/4960"}],"wp:featuredmedia":[{"embeddable":true,"href":"https:\/\/safeguarantee.eu\/et\/wp-json\/wp\/v2\/media\/4340"}],"wp:attachment":[{"href":"https:\/\/safeguarantee.eu\/et\/wp-json\/wp\/v2\/media?parent=4610"}],"curies":[{"name":"wp","href":"https:\/\/api.w.org\/{rel}","templated":true}]}}