{"id":4657,"date":"2022-01-21T11:02:15","date_gmt":"2022-01-21T09:02:15","guid":{"rendered":"https:\/\/safeguarantee.eu\/kontaktai\/"},"modified":"2022-01-31T09:28:21","modified_gmt":"2022-01-31T07:28:21","slug":"kontaktandmed","status":"publish","type":"page","link":"https:\/\/safeguarantee.eu\/et\/kontaktandmed\/","title":{"rendered":"Kontaktandmed"},"content":{"rendered":"<div class=\"wpb-content-wrapper\"><p>[vc_row el_class=&#8221;contact-row&#8221;][vc_column width=&#8221;1\/2&#8243; css=&#8221;.vc_custom_1528352391382{padding-right: 30px !important;}&#8221; el_class=&#8221;contact-text&#8221;][vc_column_text]Teil on k\u00fcsimusi? V\u00f5tkem \u00fchendust!<\/p>\n<p><strong>E-posti teel:\u00a0<a href=\"mailto:estonia@safeguarantee.eu\">estonia@safeguarantee.eu<\/a><\/strong><\/p>\n<p><strong>Telefoni teel: <a href=\"tel:+372 519 97752\">+372 519 97752<\/a><\/strong>[\/vc_column_text][\/vc_column][vc_column width=&#8221;1\/2&#8243; el_class=&#8221;contact-form-fields&#8221;]\n<div class=\"wpcf7 no-js\" id=\"wpcf7-f5261-o1\" lang=\"en-US\" dir=\"ltr\">\n<div class=\"screen-reader-response\"><p role=\"status\" aria-live=\"polite\" aria-atomic=\"true\"><\/p> <ul><\/ul><\/div>\n<form action=\"\/et\/wp-json\/wp\/v2\/pages\/4657#wpcf7-f5261-o1\" method=\"post\" class=\"wpcf7-form init\" aria-label=\"Contact form\" novalidate=\"novalidate\" data-status=\"init\">\n<div style=\"display: none;\">\n<input type=\"hidden\" name=\"_wpcf7\" value=\"5261\" \/>\n<input type=\"hidden\" name=\"_wpcf7_version\" value=\"5.8.7\" \/>\n<input type=\"hidden\" name=\"_wpcf7_locale\" value=\"en_US\" \/>\n<input type=\"hidden\" name=\"_wpcf7_unit_tag\" value=\"wpcf7-f5261-o1\" \/>\n<input type=\"hidden\" name=\"_wpcf7_container_post\" value=\"0\" \/>\n<input type=\"hidden\" name=\"_wpcf7_posted_data_hash\" value=\"\" \/>\n<\/div>\n<div class=\"seo-contact-form contact-us\">\n\t<div class=\"row\">\n\t\t<div class=\"col-md-6\">\n\t\t\t<p><span class=\"wpcf7-form-control-wrap\" data-name=\"Name\"><input size=\"40\" class=\"wpcf7-form-control wpcf7-text wpcf7-validates-as-required\" aria-required=\"true\" aria-invalid=\"false\" placeholder=\"Nimi\" value=\"\" type=\"text\" name=\"Name\" \/><\/span>\n\t\t\t<\/p>\n\t\t<\/div>\n\t\t<div class=\"col-md-6\">\n\t\t\t<p><span class=\"wpcf7-form-control-wrap\" data-name=\"email\"><input size=\"40\" class=\"wpcf7-form-control wpcf7-email wpcf7-validates-as-required wpcf7-text wpcf7-validates-as-email\" aria-required=\"true\" aria-invalid=\"false\" placeholder=\"E-post\" value=\"\" type=\"email\" name=\"email\" \/><\/span>\n\t\t\t<\/p>\n\t\t<\/div>\n\t\t<div class=\"col-md-6\">\n\t\t\t<p><span class=\"wpcf7-form-control-wrap\" data-name=\"phone\"><input size=\"40\" class=\"wpcf7-form-control wpcf7-text wpcf7-validates-as-required\" aria-required=\"true\" aria-invalid=\"false\" placeholder=\"Tel.\" value=\"\" type=\"text\" name=\"phone\" \/><\/span>\n\t\t\t<\/p>\n\t\t<\/div>\n\t\t<div class=\"col-md-6\">\n\t\t\t<p><span class=\"wpcf7-form-control-wrap\" data-name=\"ext\"><input size=\"40\" class=\"wpcf7-form-control wpcf7-text wpcf7-validates-as-required\" aria-required=\"true\" aria-invalid=\"false\" placeholder=\"Teema\" value=\"\" type=\"text\" name=\"ext\" \/><\/span>\n\t\t\t<\/p>\n\t\t<\/div>\n\t\t<div class=\"col-md-12\">\n\t\t\t<p><span class=\"wpcf7-form-control-wrap\" data-name=\"Message\"><textarea cols=\"40\" rows=\"10\" class=\"wpcf7-form-control wpcf7-textarea wpcf7-validates-as-required\" aria-required=\"true\" aria-invalid=\"false\" placeholder=\"Sinu s\u00f5num\" name=\"Message\"><\/textarea><\/span>\n\t\t\t<\/p>\n\t\t<\/div>\n\t<\/div>\n<\/div>\n<p><button type=\"submit\">Saada<\/button>\n<\/p><div class=\"wpcf7-response-output\" aria-hidden=\"true\"><\/div>\n<\/form>\n<\/div>\n[\/vc_column][\/vc_row]<\/p>\n<\/div>","protected":false},"excerpt":{"rendered":"<p>[vc_row el_class=&#8221;contact-row&#8221;][vc_column width=&#8221;1\/2&#8243; css=&#8221;.vc_custom_1528352391382{padding-right: 30px !important;}&#8221; el_class=&#8221;contact-text&#8221;][vc_column_text]Teil on k\u00fcsimusi? V\u00f5tkem \u00fchendust! E-posti teel:\u00a0estonia@safeguarantee.eu Telefoni teel: +372 519 97752[\/vc_column_text][\/vc_column][vc_column width=&#8221;1\/2&#8243; el_class=&#8221;contact-form-fields&#8221;][\/vc_column][\/vc_row]<\/p>\n","protected":false},"author":1,"featured_media":4340,"parent":0,"menu_order":0,"comment_status":"closed","ping_status":"closed","template":"","meta":{"_acf_changed":false,"footnotes":""},"acf":[],"yoast_head":"\n<title>Kontaktandmed - Safeguarantee<\/title>\n<meta name=\"robots\" content=\"index, follow, max-snippet:-1, max-image-preview:large, max-video-preview:-1\" \/>\n<link rel=\"canonical\" href=\"https:\/\/safeguarantee.eu\/et\/kontaktandmed\/\" \/>\n<meta property=\"og:locale\" content=\"et_EE\" \/>\n<meta property=\"og:type\" content=\"article\" \/>\n<meta property=\"og:title\" content=\"Kontaktandmed - Safeguarantee\" \/>\n<meta property=\"og:description\" content=\"[vc_row el_class=&#8221;contact-row&#8221;][vc_column width=&#8221;1\/2&#8243; css=&#8221;.vc_custom_1528352391382{padding-right: 30px !important;}&#8221; el_class=&#8221;contact-text&#8221;][vc_column_text]Teil on k\u00fcsimusi? V\u00f5tkem \u00fchendust! E-posti teel:\u00a0estonia@safeguarantee.eu Telefoni teel: +372 519 97752[\/vc_column_text][\/vc_column][vc_column width=&#8221;1\/2&#8243; el_class=&#8221;contact-form-fields&#8221;][\/vc_column][\/vc_row]\" \/>\n<meta property=\"og:url\" content=\"https:\/\/safeguarantee.eu\/et\/kontaktandmed\/\" \/>\n<meta property=\"og:site_name\" content=\"Safeguarantee\" \/>\n<meta property=\"article:modified_time\" content=\"2022-01-31T07:28:21+00:00\" \/>\n<meta property=\"og:image\" content=\"https:\/\/safeguarantee.eu\/wp-content\/uploads\/sites\/2\/2017\/11\/photodune-17006949-family-with-grandparents-using-technology-at-home-xxl.jpg\" \/>\n\t<meta property=\"og:image:width\" content=\"1980\" \/>\n\t<meta property=\"og:image:height\" content=\"1320\" \/>\n\t<meta property=\"og:image:type\" content=\"image\/jpeg\" \/>\n<meta name=\"twitter:card\" content=\"summary_large_image\" \/>\n<meta name=\"twitter:label1\" content=\"Est. reading time\" \/>\n\t<meta name=\"twitter:data1\" content=\"1 minut\" \/>\n<script type=\"application\/ld+json\" class=\"yoast-schema-graph\">{\"@context\":\"https:\/\/schema.org\",\"@graph\":[{\"@type\":\"WebPage\",\"@id\":\"https:\/\/safeguarantee.eu\/et\/kontaktandmed\/\",\"url\":\"https:\/\/safeguarantee.eu\/et\/kontaktandmed\/\",\"name\":\"Kontaktandmed - Safeguarantee\",\"isPartOf\":{\"@id\":\"https:\/\/safeguarantee.eu\/#website\"},\"datePublished\":\"2022-01-21T09:02:15+00:00\",\"dateModified\":\"2022-01-31T07:28:21+00:00\",\"breadcrumb\":{\"@id\":\"https:\/\/safeguarantee.eu\/et\/kontaktandmed\/#breadcrumb\"},\"inLanguage\":\"et\",\"potentialAction\":[{\"@type\":\"ReadAction\",\"target\":[\"https:\/\/safeguarantee.eu\/et\/kontaktandmed\/\"]}]},{\"@type\":\"BreadcrumbList\",\"@id\":\"https:\/\/safeguarantee.eu\/et\/kontaktandmed\/#breadcrumb\",\"itemListElement\":[{\"@type\":\"ListItem\",\"position\":1,\"name\":\"Home\",\"item\":\"https:\/\/safeguarantee.eu\/et\/\"},{\"@type\":\"ListItem\",\"position\":2,\"name\":\"Kontaktandmed\"}]},{\"@type\":\"WebSite\",\"@id\":\"https:\/\/safeguarantee.eu\/#website\",\"url\":\"https:\/\/safeguarantee.eu\/\",\"name\":\"Safeguarantee\",\"description\":\"apsidrausk\",\"potentialAction\":[{\"@type\":\"SearchAction\",\"target\":{\"@type\":\"EntryPoint\",\"urlTemplate\":\"https:\/\/safeguarantee.eu\/?s={search_term_string}\"},\"query-input\":\"required name=search_term_string\"}],\"inLanguage\":\"et\"}]}<\/script>\n","yoast_head_json":{"title":"Kontaktandmed - Safeguarantee","robots":{"index":"index","follow":"follow","max-snippet":"max-snippet:-1","max-image-preview":"max-image-preview:large","max-video-preview":"max-video-preview:-1"},"canonical":"https:\/\/safeguarantee.eu\/et\/kontaktandmed\/","og_locale":"et_EE","og_type":"article","og_title":"Kontaktandmed - Safeguarantee","og_description":"[vc_row el_class=&#8221;contact-row&#8221;][vc_column width=&#8221;1\/2&#8243; css=&#8221;.vc_custom_1528352391382{padding-right: 30px !important;}&#8221; el_class=&#8221;contact-text&#8221;][vc_column_text]Teil on k\u00fcsimusi? V\u00f5tkem \u00fchendust! E-posti teel:\u00a0estonia@safeguarantee.eu Telefoni teel: +372 519 97752[\/vc_column_text][\/vc_column][vc_column width=&#8221;1\/2&#8243; el_class=&#8221;contact-form-fields&#8221;][\/vc_column][\/vc_row]","og_url":"https:\/\/safeguarantee.eu\/et\/kontaktandmed\/","og_site_name":"Safeguarantee","article_modified_time":"2022-01-31T07:28:21+00:00","og_image":[{"width":1980,"height":1320,"url":"https:\/\/safeguarantee.eu\/wp-content\/uploads\/sites\/2\/2017\/11\/photodune-17006949-family-with-grandparents-using-technology-at-home-xxl.jpg","type":"image\/jpeg"}],"twitter_card":"summary_large_image","twitter_misc":{"Est. reading time":"1 minut"},"schema":{"@context":"https:\/\/schema.org","@graph":[{"@type":"WebPage","@id":"https:\/\/safeguarantee.eu\/et\/kontaktandmed\/","url":"https:\/\/safeguarantee.eu\/et\/kontaktandmed\/","name":"Kontaktandmed - Safeguarantee","isPartOf":{"@id":"https:\/\/safeguarantee.eu\/#website"},"datePublished":"2022-01-21T09:02:15+00:00","dateModified":"2022-01-31T07:28:21+00:00","breadcrumb":{"@id":"https:\/\/safeguarantee.eu\/et\/kontaktandmed\/#breadcrumb"},"inLanguage":"et","potentialAction":[{"@type":"ReadAction","target":["https:\/\/safeguarantee.eu\/et\/kontaktandmed\/"]}]},{"@type":"BreadcrumbList","@id":"https:\/\/safeguarantee.eu\/et\/kontaktandmed\/#breadcrumb","itemListElement":[{"@type":"ListItem","position":1,"name":"Home","item":"https:\/\/safeguarantee.eu\/et\/"},{"@type":"ListItem","position":2,"name":"Kontaktandmed"}]},{"@type":"WebSite","@id":"https:\/\/safeguarantee.eu\/#website","url":"https:\/\/safeguarantee.eu\/","name":"Safeguarantee","description":"apsidrausk","potentialAction":[{"@type":"SearchAction","target":{"@type":"EntryPoint","urlTemplate":"https:\/\/safeguarantee.eu\/?s={search_term_string}"},"query-input":"required name=search_term_string"}],"inLanguage":"et"}]}},"_links":{"self":[{"href":"https:\/\/safeguarantee.eu\/et\/wp-json\/wp\/v2\/pages\/4657"}],"collection":[{"href":"https:\/\/safeguarantee.eu\/et\/wp-json\/wp\/v2\/pages"}],"about":[{"href":"https:\/\/safeguarantee.eu\/et\/wp-json\/wp\/v2\/types\/page"}],"author":[{"embeddable":true,"href":"https:\/\/safeguarantee.eu\/et\/wp-json\/wp\/v2\/users\/1"}],"replies":[{"embeddable":true,"href":"https:\/\/safeguarantee.eu\/et\/wp-json\/wp\/v2\/comments?post=4657"}],"version-history":[{"count":5,"href":"https:\/\/safeguarantee.eu\/et\/wp-json\/wp\/v2\/pages\/4657\/revisions"}],"predecessor-version":[{"id":5267,"href":"https:\/\/safeguarantee.eu\/et\/wp-json\/wp\/v2\/pages\/4657\/revisions\/5267"}],"wp:featuredmedia":[{"embeddable":true,"href":"https:\/\/safeguarantee.eu\/et\/wp-json\/wp\/v2\/media\/4340"}],"wp:attachment":[{"href":"https:\/\/safeguarantee.eu\/et\/wp-json\/wp\/v2\/media?parent=4657"}],"curies":[{"name":"wp","href":"https:\/\/api.w.org\/{rel}","templated":true}]}}