{"id":4690,"date":"2022-01-21T11:12:21","date_gmt":"2022-01-21T09:12:21","guid":{"rendered":"https:\/\/safeguarantee.eu\/privatumo-politika\/"},"modified":"2022-01-25T12:22:50","modified_gmt":"2022-01-25T10:22:50","slug":"privaatsuspoliitika","status":"publish","type":"page","link":"https:\/\/safeguarantee.eu\/et\/privaatsuspoliitika\/","title":{"rendered":"Privaatsuspoliitika"},"content":{"rendered":"<p align=\"JUSTIFY\"><strong>\u00dcldine<\/strong><\/p>\n<p align=\"JUSTIFY\">Me (Safe Guarantee) austame teie privaatsust ja oleme p\u00fchendunud selle kaitsmisele, j\u00e4rgides k\u00e4esolevat privaatsuspoliitikat (\u201ePrivaatsuspoliitika\u201c). Privaatsuspoliitikast leiate teavet teie isikuandmete t\u00f6\u00f6tlemise, t\u00f6\u00f6tlemise eesm\u00e4rkide, isikuandmete s\u00e4ilitamise aja, t\u00f6\u00f6tlemise \u00f5igusliku aluse ja muu teabe kohta.<\/p>\n<p><b>1. Millist teavet me kogume? <\/b><br \/>\nMe v\u00f5ime koguda, salvestada ja kasutada j\u00e4rgmist t\u00fc\u00fcpi teavet:<\/p>\n<ul>\n<li>teave teie arvuti ja selle veebisaidi k\u00fclastamise ja kasutamise kohta (sealhulgas teie IP-aadress, geograafiline asukoht, brauseri t\u00fc\u00fcp, kust teid \u00fcmber suunati, k\u00fclastuse kestus ja lehek\u00fclje vaatamiste arv);<\/li>\n<li>teave, mille esitate meile kahju registreerimisel;<\/li>\n<li>mistahes muu teave, mida te meile ise saata soovite.<\/li>\n<\/ul>\n<p align=\"JUSTIFY\"><b>2. K\u00fcpsised<\/b><br \/>\nK\u00fcpsis koosneb teabest, mille v\u00f5rguteenindusjaam saadab veebibrauserile ja mida brauser talletab. Seej\u00e4rel saadetakse see teave tagasi teenindusjaama, kui brauser k\u00fcsib selle teenindusjaama lehte. See v\u00f5imaldab sellel v\u00f5rguteenindusjaamal veebibrauserit tuvastada ja j\u00e4lgida.<\/p>\n<p align=\"JUSTIFY\">Kasutame Google Analytics\u2019i, et anal\u00fc\u00fcsida selle veebisaidi kasutamist. Google Analytics genereerib statistilist ja muud teavet veebisaidi kasutamise kohta, kasutades k\u00fcpsiseid, mis salvestatakse kasutajate arvutitesse. Meie veebisaidiga seotud teavet kasutatakse selle veebisaidi kasutamise kohta aruannete koostamiseks. Selle teabe alletab Google. Google\u2019i privaatsuspoliitika on k\u00e4ttesaadav siin: http:\/\/www.google.com\/privacypolicy.html.<\/p>\n<p align=\"JUSTIFY\">Reklaamijad, kes meil reklaamivad, v\u00f5i makseteenuse pakkujad v\u00f5ivad teile samuti k\u00fcpsiseid saata. Avaldame oma veebisaidil Google Adsense\u2019i huvidel p\u00f5hinevaid reklaame. Need on valitud Google\u2019i poolt, et kajastada teie huve. Google j\u00e4lgib teie v\u00f5rguk\u00e4itumist, kasutades k\u00fcpsiseid, et tuvastada teie huvid. Saate vaadata, kustutada ja lisada oma brauseriga seotud huvikategooriaid, kasutades Google\u2019i reklaamide eelistuste haldurit, mis on saadaval aadressil http:\/\/www.google.com\/ads\/preferences.<\/p>\n<p align=\"JUSTIFY\">Adsense\u2019i partnerv\u00f5rgustiku k\u00fcpsistest saate loobuda aadressil http:\/\/www.google.com\/privacy_ads.html. See loobumismehhanism kasutab siiski k\u00fcpsist ja kui te kustutate k\u00fcpsised oma arvutist, ei salvestata teie loobumist. Selleks, et tagada, et teie loobumine salvestatakse teie konkreetse brauseri jaoks, peaksite kasutama Google\u2019i brauseripluginit, mis on saadaval aadressil http:\/\/www.google.com\/ads\/preferences\/plugin. Enamik brausereid v\u00f5imaldab teil mitte aktsepteerida k\u00fcpsiseid, kuigi m\u00f5ned brauserid lubavad teil mitte aktsepteerida ainult kolmandate osapoolte k\u00fcpsiseid. N\u00e4iteks Internet Exploreris saate keelata k\u00f5ik k\u00fcpsised, kl\u00f5psates nuppu Tools &gt; Internet Options &gt; Privacy ja valides Block all cookies (keerates l\u00fclitit). K\u00f5igi k\u00fcpsiste blokeerimine m\u00f5jutab siiski negatiivselt teie v\u00f5imet kasutada paljusid veebisaite, sealhulgas ka k\u00e4esolevat.<\/p>\n<p><b>3. Teie isikuandmete kasutamine <\/b><br \/>\nSellel veebisaidil esitatud isikuandmeid kasutatakse k\u00e4esolevas privaatsuspoliitikas v\u00f5i selle veebisaidi asjakohastes osades s\u00e4testatud eesm\u00e4rkidel. Me v\u00f5ime kasutada teie isikuandmeid j\u00e4rgmistel eesm\u00e4rkidel:<\/p>\n<ul>\n<li>veebisaidi haldamiseks;<\/li>\n<li>teie poolt esitatud kahju haldamiseks;<\/li>\n<li>teie sirvimiskogemuse parandamiseks veebisaidi isikup\u00e4rastamise abil;<\/li>\n<li>teie n\u00f5usolekul saata teile e-posti teel meie uudiskirja, mis meie arvates v\u00f5ib teile huvi pakkuda (te v\u00f5ite meid igal ajal teavitada, kui te ei soovi enam meie uudiskirja saada);<\/li>\n<li>tre\u010diosioms \u0161alims suteikti statistin\u0119 informacij\u0105 apie vartotojus, i\u0161skyrus atskir\u0173 vartotoj\u0173 identifikavim\u0105.<\/li>\n<\/ul>\n<p align=\"JUSTIFY\"><b>4. Teie \u00f5igused<\/b><\/p>\n<p align=\"JUSTIFY\">Teil on j\u00e4rgmised \u00f5igused:<\/p>\n<p align=\"JUSTIFY\">a) \u00f5igus saada teavet selle kohta, kas me t\u00f6\u00f6tleme teie isikuandmeid, ja kui me t\u00f6\u00f6tleme selliseid isikuandmeid, siis teil on \u00f5igus tutvuda teie selliste isikuandmetega;<\/p>\n<p align=\"JUSTIFY\">b) \u00f5igus paluda meil parandada ebat\u00e4pseid isikuandmeid;<\/p>\n<p align=\"JUSTIFY\">c) \u00f5igus teie isikuandmete kustutamisele. Seda \u00f5igust ei kohaldata, kui t\u00f6\u00f6tlemine on seotud s\u00f5na- ja teabevabaduse, juriidiliste kohustuste v\u00f5i \u00f5igusn\u00f5uete kehtestamise, t\u00e4itmise ja kaitsmisega;<\/p>\n<p align=\"JUSTIFY\">d) \u00f5igus saada v\u00f5i edastada teie isikuandmeid teisele ettev\u00f5ttele (nn \u00f5igus andmete \u00fclekantavusele). Seda \u00f5igust kohaldatakse juhul, kui isikuandmeid t\u00f6\u00f6deldakse automatiseeritult, teie n\u00f5usoleku alusel v\u00f5i lepingu alusel;<\/p>\n<p align=\"JUSTIFY\">e) \u00f5igus piirata isikuandmete t\u00f6\u00f6tlemist teatavatel asjaoludel;<\/p>\n<p align=\"JUSTIFY\">f) \u00f5igus mitte n\u00f5ustuda teie isikuandmete t\u00f6\u00f6tlemisega, kui t\u00f6\u00f6tlemist p\u00f5hjendatakse meie v\u00f5i kolmandate isikute \u00f5igustatud huvidega;<\/p>\n<p align=\"JUSTIFY\">g) \u00f5igus mitte n\u00f5ustuda teie isikuandmete t\u00f6\u00f6tlemisega otseturunduse eesm\u00e4rgil, sealhulgas profiilianal\u00fc\u00fcsi tegemiseks;<\/p>\n<p align=\"JUSTIFY\">h) \u00f5igus igal ajal tagasi v\u00f5tta n\u00f5usolek teie andmete t\u00f6\u00f6tlemiseks.<\/p>\n<p align=\"JUSTIFY\">Nende \u00f5iguste kasutamiseks v\u00f5tke meiega kirjalikult \u00fchendust v\u00f5i v\u00f5tke \u00fchendust andmekaitseametnikuga allpool toodud kontaktandmetel.<\/p>\n<p align=\"JUSTIFY\">Kui te arvate, et viis, kuidas me teie isikuandmeid t\u00f6\u00f6tleme, ei ole koosk\u00f5las kehtiva \u00f5igusega, on teil \u00f5igus p\u00f6\u00f6rduda riikliku andmekaitseinspektsiooni poole (www.ada.lt).<\/p>\n<p align=\"JUSTIFY\"><b>5<\/b>. <strong>Poliitika muudatused<\/strong><br \/>\nMe v\u00f5ime k\u00e4esolevat privaatsuspoliitikat aeg-ajalt uuendada, avaldades uue versiooni meie veebisaidil. Te peaksite selle lehek\u00fclje aeg-ajalt \u00fcle vaatama, et veenduda, kas olete muudatustega rahul.<\/p>\n<p align=\"JUSTIFY\"><b>6. Kolmandate osapoolte veebisaidid <\/b><br \/>\nSee veebisait sisaldab linke teistele veebisaitidele. Me ei vastuta kolmandate osapoolte veebisaitide privaatsuspoliitikate v\u00f5i -tavade eest.<\/p>\n","protected":false},"excerpt":{"rendered":"<p>\u00dcldine Me (Safe Guarantee) austame teie privaatsust ja oleme p\u00fchendunud selle kaitsmisele, j\u00e4rgides k\u00e4esolevat privaatsuspoliitikat (\u201ePrivaatsuspoliitika\u201c). Privaatsuspoliitikast leiate teavet teie isikuandmete t\u00f6\u00f6tlemise, t\u00f6\u00f6tlemise eesm\u00e4rkide, isikuandmete s\u00e4ilitamise aja, t\u00f6\u00f6tlemise \u00f5igusliku aluse ja muu teabe kohta. 1. Millist teavet me kogume? Me v\u00f5ime koguda, salvestada ja kasutada j\u00e4rgmist t\u00fc\u00fcpi teavet: teave teie arvuti ja selle veebisaidi k\u00fclastamise [&hellip;]<\/p>\n","protected":false},"author":1,"featured_media":4518,"parent":0,"menu_order":0,"comment_status":"closed","ping_status":"closed","template":"","meta":{"_acf_changed":false,"footnotes":""},"acf":[],"yoast_head":"\n<title>Privaatsuspoliitika - Safeguarantee<\/title>\n<meta name=\"robots\" content=\"index, follow, max-snippet:-1, max-image-preview:large, max-video-preview:-1\" \/>\n<link rel=\"canonical\" href=\"https:\/\/safeguarantee.eu\/privaatsuspoliitika\/\" \/>\n<meta property=\"og:locale\" content=\"et_EE\" \/>\n<meta property=\"og:type\" content=\"article\" \/>\n<meta property=\"og:title\" content=\"Privaatsuspoliitika - Safeguarantee\" \/>\n<meta property=\"og:description\" content=\"\u00dcldine Me (Safe Guarantee) austame teie privaatsust ja oleme p\u00fchendunud selle kaitsmisele, j\u00e4rgides k\u00e4esolevat privaatsuspoliitikat (\u201ePrivaatsuspoliitika\u201c). Privaatsuspoliitikast leiate teavet teie isikuandmete t\u00f6\u00f6tlemise, t\u00f6\u00f6tlemise eesm\u00e4rkide, isikuandmete s\u00e4ilitamise aja, t\u00f6\u00f6tlemise \u00f5igusliku aluse ja muu teabe kohta. 1. Millist teavet me kogume? Me v\u00f5ime koguda, salvestada ja kasutada j\u00e4rgmist t\u00fc\u00fcpi teavet: teave teie arvuti ja selle veebisaidi k\u00fclastamise [&hellip;]\" \/>\n<meta property=\"og:url\" content=\"https:\/\/safeguarantee.eu\/privaatsuspoliitika\/\" \/>\n<meta property=\"og:site_name\" content=\"Safeguarantee\" \/>\n<meta property=\"article:modified_time\" content=\"2022-01-25T10:22:50+00:00\" \/>\n<meta property=\"og:image\" content=\"https:\/\/safeguarantee.eu\/wp-content\/uploads\/sites\/2\/2018\/05\/big-familly-technologyl.jpg\" \/>\n\t<meta property=\"og:image:width\" content=\"1980\" \/>\n\t<meta property=\"og:image:height\" content=\"1320\" \/>\n\t<meta property=\"og:image:type\" content=\"image\/jpeg\" \/>\n<meta name=\"twitter:card\" content=\"summary_large_image\" \/>\n<meta name=\"twitter:label1\" content=\"Est. reading time\" \/>\n\t<meta name=\"twitter:data1\" content=\"4 minutit\" \/>\n<script type=\"application\/ld+json\" class=\"yoast-schema-graph\">{\"@context\":\"https:\/\/schema.org\",\"@graph\":[{\"@type\":\"WebPage\",\"@id\":\"https:\/\/safeguarantee.eu\/privaatsuspoliitika\/\",\"url\":\"https:\/\/safeguarantee.eu\/privaatsuspoliitika\/\",\"name\":\"Privaatsuspoliitika - Safeguarantee\",\"isPartOf\":{\"@id\":\"https:\/\/safeguarantee.eu\/#website\"},\"datePublished\":\"2022-01-21T09:12:21+00:00\",\"dateModified\":\"2022-01-25T10:22:50+00:00\",\"breadcrumb\":{\"@id\":\"https:\/\/safeguarantee.eu\/privaatsuspoliitika\/#breadcrumb\"},\"inLanguage\":\"et\",\"potentialAction\":[{\"@type\":\"ReadAction\",\"target\":[\"https:\/\/safeguarantee.eu\/privaatsuspoliitika\/\"]}]},{\"@type\":\"BreadcrumbList\",\"@id\":\"https:\/\/safeguarantee.eu\/privaatsuspoliitika\/#breadcrumb\",\"itemListElement\":[{\"@type\":\"ListItem\",\"position\":1,\"name\":\"Home\",\"item\":\"https:\/\/safeguarantee.eu\/et\/\"},{\"@type\":\"ListItem\",\"position\":2,\"name\":\"Privaatsuspoliitika\"}]},{\"@type\":\"WebSite\",\"@id\":\"https:\/\/safeguarantee.eu\/#website\",\"url\":\"https:\/\/safeguarantee.eu\/\",\"name\":\"Safeguarantee\",\"description\":\"apsidrausk\",\"potentialAction\":[{\"@type\":\"SearchAction\",\"target\":{\"@type\":\"EntryPoint\",\"urlTemplate\":\"https:\/\/safeguarantee.eu\/?s={search_term_string}\"},\"query-input\":\"required name=search_term_string\"}],\"inLanguage\":\"et\"}]}<\/script>\n","yoast_head_json":{"title":"Privaatsuspoliitika - Safeguarantee","robots":{"index":"index","follow":"follow","max-snippet":"max-snippet:-1","max-image-preview":"max-image-preview:large","max-video-preview":"max-video-preview:-1"},"canonical":"https:\/\/safeguarantee.eu\/privaatsuspoliitika\/","og_locale":"et_EE","og_type":"article","og_title":"Privaatsuspoliitika - Safeguarantee","og_description":"\u00dcldine Me (Safe Guarantee) austame teie privaatsust ja oleme p\u00fchendunud selle kaitsmisele, j\u00e4rgides k\u00e4esolevat privaatsuspoliitikat (\u201ePrivaatsuspoliitika\u201c). Privaatsuspoliitikast leiate teavet teie isikuandmete t\u00f6\u00f6tlemise, t\u00f6\u00f6tlemise eesm\u00e4rkide, isikuandmete s\u00e4ilitamise aja, t\u00f6\u00f6tlemise \u00f5igusliku aluse ja muu teabe kohta. 1. Millist teavet me kogume? Me v\u00f5ime koguda, salvestada ja kasutada j\u00e4rgmist t\u00fc\u00fcpi teavet: teave teie arvuti ja selle veebisaidi k\u00fclastamise [&hellip;]","og_url":"https:\/\/safeguarantee.eu\/privaatsuspoliitika\/","og_site_name":"Safeguarantee","article_modified_time":"2022-01-25T10:22:50+00:00","og_image":[{"width":1980,"height":1320,"url":"https:\/\/safeguarantee.eu\/wp-content\/uploads\/sites\/2\/2018\/05\/big-familly-technologyl.jpg","type":"image\/jpeg"}],"twitter_card":"summary_large_image","twitter_misc":{"Est. reading time":"4 minutit"},"schema":{"@context":"https:\/\/schema.org","@graph":[{"@type":"WebPage","@id":"https:\/\/safeguarantee.eu\/privaatsuspoliitika\/","url":"https:\/\/safeguarantee.eu\/privaatsuspoliitika\/","name":"Privaatsuspoliitika - Safeguarantee","isPartOf":{"@id":"https:\/\/safeguarantee.eu\/#website"},"datePublished":"2022-01-21T09:12:21+00:00","dateModified":"2022-01-25T10:22:50+00:00","breadcrumb":{"@id":"https:\/\/safeguarantee.eu\/privaatsuspoliitika\/#breadcrumb"},"inLanguage":"et","potentialAction":[{"@type":"ReadAction","target":["https:\/\/safeguarantee.eu\/privaatsuspoliitika\/"]}]},{"@type":"BreadcrumbList","@id":"https:\/\/safeguarantee.eu\/privaatsuspoliitika\/#breadcrumb","itemListElement":[{"@type":"ListItem","position":1,"name":"Home","item":"https:\/\/safeguarantee.eu\/et\/"},{"@type":"ListItem","position":2,"name":"Privaatsuspoliitika"}]},{"@type":"WebSite","@id":"https:\/\/safeguarantee.eu\/#website","url":"https:\/\/safeguarantee.eu\/","name":"Safeguarantee","description":"apsidrausk","potentialAction":[{"@type":"SearchAction","target":{"@type":"EntryPoint","urlTemplate":"https:\/\/safeguarantee.eu\/?s={search_term_string}"},"query-input":"required name=search_term_string"}],"inLanguage":"et"}]}},"_links":{"self":[{"href":"https:\/\/safeguarantee.eu\/et\/wp-json\/wp\/v2\/pages\/4690"}],"collection":[{"href":"https:\/\/safeguarantee.eu\/et\/wp-json\/wp\/v2\/pages"}],"about":[{"href":"https:\/\/safeguarantee.eu\/et\/wp-json\/wp\/v2\/types\/page"}],"author":[{"embeddable":true,"href":"https:\/\/safeguarantee.eu\/et\/wp-json\/wp\/v2\/users\/1"}],"replies":[{"embeddable":true,"href":"https:\/\/safeguarantee.eu\/et\/wp-json\/wp\/v2\/comments?post=4690"}],"version-history":[{"count":2,"href":"https:\/\/safeguarantee.eu\/et\/wp-json\/wp\/v2\/pages\/4690\/revisions"}],"predecessor-version":[{"id":5050,"href":"https:\/\/safeguarantee.eu\/et\/wp-json\/wp\/v2\/pages\/4690\/revisions\/5050"}],"wp:featuredmedia":[{"embeddable":true,"href":"https:\/\/safeguarantee.eu\/et\/wp-json\/wp\/v2\/media\/4518"}],"wp:attachment":[{"href":"https:\/\/safeguarantee.eu\/et\/wp-json\/wp\/v2\/media?parent=4690"}],"curies":[{"name":"wp","href":"https:\/\/api.w.org\/{rel}","templated":true}]}}