{"id":4698,"date":"2022-01-21T11:14:19","date_gmt":"2022-01-21T09:14:19","guid":{"rendered":"https:\/\/safeguarantee.eu\/sodo-technika\/"},"modified":"2022-01-28T16:28:54","modified_gmt":"2022-01-28T14:28:54","slug":"aiatehnika","status":"publish","type":"page","link":"https:\/\/safeguarantee.eu\/et\/aiatehnika\/","title":{"rendered":"Aiatehnika"},"content":{"rendered":"<div class=\"wpb-content-wrapper\"><p>[vc_row css=&#8221;.vc_custom_1509087778063{margin-top: 60px !important;}&#8221;][vc_column]\n <div class=\"iasion-section-title iasion-section-title-style\"><h4>Toote parandamine v\u00f5i asendamine p\u00e4rast tootja garantii l\u00f5ppemist<\/h4><\/div>[\/vc_column][\/vc_row][vc_row full_width=&#8221;stretch_row&#8221; el_class=&#8221;service-image-parent&#8221; css=&#8221;.vc_custom_1526633995977{background-color: #f4f4f4 !important;}&#8221;][vc_column width=&#8221;1\/2&#8243; el_class=&#8221;service-height&#8221;][vc_row_inner el_class=&#8221;custom-hover-tools&#8221;][vc_column_inner][vc_column_text]<\/p>\n<h4 style=\"text-align: center;\"><strong>Milliseid kaupu saab kaitsta?<\/strong><\/h4>\n<p style=\"text-align: center;\">ELEKTRILINE AIATEHNIKA<\/p>\n<p>[\/vc_column_text]\n <div class=\"consulto-feature-box\">\n <div class= \"consulto-feature-icon\">\n <div class=\"consulto-feature-table\">\n <div class=\"consulto-feature-table-cell\"><i class=\"fas fa-check\"><\/i>\n <\/div>\n <\/div>\n <\/div>\n\n <div class= \"consulto-feature-content\">\n <h3>Muruniidukid ja v\u00f5sal\u00f5ikurid<\/h3>\n \n \n <\/div>\n\n <\/div>\n \n \n <div class=\"consulto-feature-box\">\n <div class= \"consulto-feature-icon\">\n <div class=\"consulto-feature-table\">\n <div class=\"consulto-feature-table-cell\"><i class=\"fas fa-check\"><\/i>\n <\/div>\n <\/div>\n <\/div>\n\n <div class= \"consulto-feature-content\">\n <h3>Aeraator ja kultivaator<\/h3>\n \n \n <\/div>\n\n <\/div>\n \n \n <div class=\"consulto-feature-box\">\n <div class= \"consulto-feature-icon\">\n <div class=\"consulto-feature-table\">\n <div class=\"consulto-feature-table-cell\"><i class=\"fas fa-check\"><\/i>\n <\/div>\n <\/div>\n <\/div>\n\n <div class= \"consulto-feature-content\">\n <h3>Niidukid ja puhurid<\/h3>\n \n \n <\/div>\n\n <\/div>\n \n \n <div class=\"consulto-feature-box\">\n <div class= \"consulto-feature-icon\">\n <div class=\"consulto-feature-table\">\n <div class=\"consulto-feature-table-cell\"><i class=\"fas fa-check\"><\/i>\n <\/div>\n <\/div>\n <\/div>\n\n <div class= \"consulto-feature-content\">\n <h3>Hekil\u00f5ikurid<\/h3>\n \n \n <\/div>\n\n <\/div>\n \n \n <div class=\"consulto-feature-box\">\n <div class= \"consulto-feature-icon\">\n <div class=\"consulto-feature-table\">\n <div class=\"consulto-feature-table-cell\"><i class=\"fas fa-check\"><\/i>\n <\/div>\n <\/div>\n <\/div>\n\n <div class= \"consulto-feature-content\">\n <h3>Muruniiduk<\/h3>\n \n \n <\/div>\n\n <\/div>\n \n \n <div class=\"consulto-feature-box\">\n <div class= \"consulto-feature-icon\">\n <div class=\"consulto-feature-table\">\n <div class=\"consulto-feature-table-cell\"><i class=\"fas fa-check\"><\/i>\n <\/div>\n <\/div>\n <\/div>\n\n <div class= \"consulto-feature-content\">\n <h3>jne<\/h3>\n \n \n <\/div>\n\n <\/div>\n \n [\/vc_column_inner][\/vc_row_inner][\/vc_column][vc_column width=&#8221;1\/2&#8243;][vc_row_inner][vc_column_inner]\n <div class=\"consulto-feature-box\">\n <div class= \"consulto-feature-icon\">\n <div class=\"consulto-feature-table\">\n <div class=\"consulto-feature-table-cell\"><i class=\"fa fa-calendar\"><\/i>\n <\/div>\n <\/div>\n <\/div>\n\n <div class= \"consulto-feature-content\">\n <h3><\/h3>\n <p>J\u00e4tkuvad kaitsepaketid on saadaval 30 kalendrip\u00e4eva jooksul p\u00e4rast ostu sooritamist.<\/p>\n\n \n <\/div>\n\n <\/div>\n \n \n <div class=\"consulto-feature-box\">\n <div class= \"consulto-feature-icon\">\n <div class=\"consulto-feature-table\">\n <div class=\"consulto-feature-table-cell\"><i class=\"fa fa-truck\"><\/i>\n <\/div>\n <\/div>\n <\/div>\n\n <div class= \"consulto-feature-content\">\n <h3><\/h3>\n <p>Tasuta tehniku v\u00e4ljakutse (kui toode kaalub \u00fcle 10 kg). Tasuta kontroll. Tasuta seadmete transport (kui toode kaalub \u00fcle 10 kg). Tasuta asendamine. Tasuta remont.<\/p>\n\n \n <\/div>\n\n <\/div>\n \n \n <div class=\"consulto-feature-box\">\n <div class= \"consulto-feature-icon\">\n <div class=\"consulto-feature-table\">\n <div class=\"consulto-feature-table-cell\"><i class=\"fa fa-clock-o\"><\/i>\n <\/div>\n <\/div>\n <\/div>\n\n <div class= \"consulto-feature-content\">\n <h3><\/h3>\n <p>V\u00f5ite pikendada oma garantiid 1 kuni 5 aastani.<\/p>\n\n \n <\/div>\n\n <\/div>\n \n [\/vc_column_inner][\/vc_row_inner][vc_column_text css=&#8221;.vc_custom_1526633684387{padding-top: 20px !important;padding-left: 40px !important;}&#8221;]<\/p>\n<h3>Teenusepaketid<\/h3>\n<p>[\/vc_column_text][vc_tta_accordion active_section=&#8221;4&#8243; collapsible_all=&#8221;true&#8221; css=&#8221;.vc_custom_1530522320808{padding-left: 40px !important;}&#8221;][vc_tta_section title=&#8221;Remondiplaan&#8221; tab_id=&#8221;1522328609702-0e46e753-8c98&#8243;][vc_column_text]<\/p>\n<p class=\"western\" lang=\"en-GB\">See teenusepakett on ideaalne neile, kes soovivad olla kindlad oma toote turvalisuses ka p\u00e4rast tootja garantii l\u00f5ppemist. Saate valida 1 kuni 5 aastat t\u00e4iendavat tootekaitset. Teenusepakett ei kehti s\u00fclearvutite, laua- ja tahvelarvutite ning nutitelefonide kohta.<\/p>\n<p>[\/vc_column_text][\/vc_tta_section][vc_tta_section title=&#8221;Remondiplaan juriidilistele isikutele&#8221; tab_id=&#8221;1522328609858-fff48ec4-2d79&#8243;][vc_column_text]See teenusepakett on k\u00e4ttesaadav k\u00f5igile juriidilistele isikutele, kes ostavad elektroonilisi seadmeid.[\/vc_column_text][\/vc_tta_section][\/vc_tta_accordion][\/vc_column][\/vc_row][vc_row full_width=&#8221;stretch_row_content&#8221; css=&#8221;.vc_custom_1530523044510{background-color: #f4f4f4 !important;background-position: center !important;background-repeat: no-repeat !important;background-size: cover !important;}&#8221; el_class=&#8221;custom-no-padding&#8221;][vc_column][vc_empty_space css=&#8221;.vc_custom_1530186743386{background-color: #f4f4f4 !important;}&#8221;][vc_row_inner css=&#8221;.vc_custom_1530523007804{background-color: #f4f4f4 !important;}&#8221; el_class=&#8221;custom-no-padding&#8221;][vc_column_inner width=&#8221;1\/6&#8243;][\/vc_column_inner][vc_column_inner width=&#8221;2\/3&#8243;][vc_btn title=&#8221;Lisateabe saamiseks v\u00f5tke meiega \u00fchendust aadressil estonia@safeguarantee.eu v\u00f5i telefonil +372 519 97752&#8243; style=&#8221;classic&#8221; shape=&#8221;round&#8221; color=&#8221;inverse&#8221; align=&#8221;center&#8221; button_block=&#8221;true&#8221; link=&#8221;url:http%3A%2F%2Fsafeguarantee.eu%2Fet%2Fkontaktandmed%2F|target:%20_blank|&#8221; css=&#8221;.vc_custom_1641893016925{border-radius: 2px !important;}&#8221;][\/vc_column_inner][vc_column_inner width=&#8221;1\/6&#8243;][\/vc_column_inner][\/vc_row_inner][\/vc_column][\/vc_row][vc_row][vc_column][\/vc_column][\/vc_row]<\/p>\n<\/div>","protected":false},"excerpt":{"rendered":"<p>[vc_row css=&#8221;.vc_custom_1509087778063{margin-top: 60px !important;}&#8221;][vc_column][\/vc_column][\/vc_row][vc_row full_width=&#8221;stretch_row&#8221; el_class=&#8221;service-image-parent&#8221; css=&#8221;.vc_custom_1526633995977{background-color: #f4f4f4 !important;}&#8221;][vc_column width=&#8221;1\/2&#8243; el_class=&#8221;service-height&#8221;][vc_row_inner el_class=&#8221;custom-hover-tools&#8221;][vc_column_inner][vc_column_text] Milliseid kaupu saab kaitsta? ELEKTRILINE AIATEHNIKA [\/vc_column_text][\/vc_column_inner][\/vc_row_inner][\/vc_column][vc_column width=&#8221;1\/2&#8243;][vc_row_inner][vc_column_inner][\/vc_column_inner][\/vc_row_inner][vc_column_text css=&#8221;.vc_custom_1526633684387{padding-top: 20px !important;padding-left: 40px !important;}&#8221;] Teenusepaketid [\/vc_column_text][vc_tta_accordion active_section=&#8221;4&#8243; collapsible_all=&#8221;true&#8221; css=&#8221;.vc_custom_1530522320808{padding-left: 40px !important;}&#8221;][vc_tta_section title=&#8221;Remondiplaan&#8221; tab_id=&#8221;1522328609702-0e46e753-8c98&#8243;][vc_column_text] See teenusepakett on ideaalne neile, kes soovivad olla kindlad oma toote turvalisuses ka p\u00e4rast tootja garantii l\u00f5ppemist. Saate valida 1 kuni [&hellip;]<\/p>\n","protected":false},"author":1,"featured_media":4486,"parent":0,"menu_order":0,"comment_status":"closed","ping_status":"closed","template":"","meta":{"_acf_changed":false,"footnotes":""},"acf":[],"yoast_head":"\n<title>Aiatehnika - Safeguarantee<\/title>\n<meta name=\"robots\" content=\"index, follow, max-snippet:-1, max-image-preview:large, max-video-preview:-1\" \/>\n<link rel=\"canonical\" href=\"https:\/\/safeguarantee.eu\/aiatehnika\/\" \/>\n<meta property=\"og:locale\" content=\"et_EE\" \/>\n<meta property=\"og:type\" content=\"article\" \/>\n<meta property=\"og:title\" content=\"Aiatehnika - Safeguarantee\" \/>\n<meta property=\"og:description\" content=\"[vc_row css=&#8221;.vc_custom_1509087778063{margin-top: 60px !important;}&#8221;][vc_column][\/vc_column][\/vc_row][vc_row full_width=&#8221;stretch_row&#8221; el_class=&#8221;service-image-parent&#8221; css=&#8221;.vc_custom_1526633995977{background-color: #f4f4f4 !important;}&#8221;][vc_column width=&#8221;1\/2&#8243; el_class=&#8221;service-height&#8221;][vc_row_inner el_class=&#8221;custom-hover-tools&#8221;][vc_column_inner][vc_column_text] Milliseid kaupu saab kaitsta? ELEKTRILINE AIATEHNIKA [\/vc_column_text][\/vc_column_inner][\/vc_row_inner][\/vc_column][vc_column width=&#8221;1\/2&#8243;][vc_row_inner][vc_column_inner][\/vc_column_inner][\/vc_row_inner][vc_column_text css=&#8221;.vc_custom_1526633684387{padding-top: 20px !important;padding-left: 40px !important;}&#8221;] Teenusepaketid [\/vc_column_text][vc_tta_accordion active_section=&#8221;4&#8243; collapsible_all=&#8221;true&#8221; css=&#8221;.vc_custom_1530522320808{padding-left: 40px !important;}&#8221;][vc_tta_section title=&#8221;Remondiplaan&#8221; tab_id=&#8221;1522328609702-0e46e753-8c98&#8243;][vc_column_text] See teenusepakett on ideaalne neile, kes soovivad olla kindlad oma toote turvalisuses ka p\u00e4rast tootja garantii l\u00f5ppemist. Saate valida 1 kuni [&hellip;]\" \/>\n<meta property=\"og:url\" content=\"https:\/\/safeguarantee.eu\/aiatehnika\/\" \/>\n<meta property=\"og:site_name\" content=\"Safeguarantee\" \/>\n<meta property=\"article:modified_time\" content=\"2022-01-28T14:28:54+00:00\" \/>\n<meta property=\"og:image\" content=\"https:\/\/safeguarantee.eu\/wp-content\/uploads\/sites\/2\/2018\/06\/garden-grass-meadow-green.jpg\" \/>\n\t<meta property=\"og:image:width\" content=\"2258\" \/>\n\t<meta property=\"og:image:height\" content=\"1500\" \/>\n\t<meta property=\"og:image:type\" content=\"image\/jpeg\" \/>\n<meta name=\"twitter:card\" content=\"summary_large_image\" \/>\n<meta name=\"twitter:label1\" content=\"Est. reading time\" \/>\n\t<meta name=\"twitter:data1\" content=\"2 minutit\" \/>\n<script type=\"application\/ld+json\" class=\"yoast-schema-graph\">{\"@context\":\"https:\/\/schema.org\",\"@graph\":[{\"@type\":\"WebPage\",\"@id\":\"https:\/\/safeguarantee.eu\/aiatehnika\/\",\"url\":\"https:\/\/safeguarantee.eu\/aiatehnika\/\",\"name\":\"Aiatehnika - Safeguarantee\",\"isPartOf\":{\"@id\":\"https:\/\/safeguarantee.eu\/#website\"},\"datePublished\":\"2022-01-21T09:14:19+00:00\",\"dateModified\":\"2022-01-28T14:28:54+00:00\",\"breadcrumb\":{\"@id\":\"https:\/\/safeguarantee.eu\/aiatehnika\/#breadcrumb\"},\"inLanguage\":\"et\",\"potentialAction\":[{\"@type\":\"ReadAction\",\"target\":[\"https:\/\/safeguarantee.eu\/aiatehnika\/\"]}]},{\"@type\":\"BreadcrumbList\",\"@id\":\"https:\/\/safeguarantee.eu\/aiatehnika\/#breadcrumb\",\"itemListElement\":[{\"@type\":\"ListItem\",\"position\":1,\"name\":\"Home\",\"item\":\"https:\/\/safeguarantee.eu\/et\/\"},{\"@type\":\"ListItem\",\"position\":2,\"name\":\"Aiatehnika\"}]},{\"@type\":\"WebSite\",\"@id\":\"https:\/\/safeguarantee.eu\/#website\",\"url\":\"https:\/\/safeguarantee.eu\/\",\"name\":\"Safeguarantee\",\"description\":\"apsidrausk\",\"potentialAction\":[{\"@type\":\"SearchAction\",\"target\":{\"@type\":\"EntryPoint\",\"urlTemplate\":\"https:\/\/safeguarantee.eu\/?s={search_term_string}\"},\"query-input\":\"required name=search_term_string\"}],\"inLanguage\":\"et\"}]}<\/script>\n","yoast_head_json":{"title":"Aiatehnika - Safeguarantee","robots":{"index":"index","follow":"follow","max-snippet":"max-snippet:-1","max-image-preview":"max-image-preview:large","max-video-preview":"max-video-preview:-1"},"canonical":"https:\/\/safeguarantee.eu\/aiatehnika\/","og_locale":"et_EE","og_type":"article","og_title":"Aiatehnika - Safeguarantee","og_description":"[vc_row css=&#8221;.vc_custom_1509087778063{margin-top: 60px !important;}&#8221;][vc_column][\/vc_column][\/vc_row][vc_row full_width=&#8221;stretch_row&#8221; el_class=&#8221;service-image-parent&#8221; css=&#8221;.vc_custom_1526633995977{background-color: #f4f4f4 !important;}&#8221;][vc_column width=&#8221;1\/2&#8243; el_class=&#8221;service-height&#8221;][vc_row_inner el_class=&#8221;custom-hover-tools&#8221;][vc_column_inner][vc_column_text] Milliseid kaupu saab kaitsta? ELEKTRILINE AIATEHNIKA [\/vc_column_text][\/vc_column_inner][\/vc_row_inner][\/vc_column][vc_column width=&#8221;1\/2&#8243;][vc_row_inner][vc_column_inner][\/vc_column_inner][\/vc_row_inner][vc_column_text css=&#8221;.vc_custom_1526633684387{padding-top: 20px !important;padding-left: 40px !important;}&#8221;] Teenusepaketid [\/vc_column_text][vc_tta_accordion active_section=&#8221;4&#8243; collapsible_all=&#8221;true&#8221; css=&#8221;.vc_custom_1530522320808{padding-left: 40px !important;}&#8221;][vc_tta_section title=&#8221;Remondiplaan&#8221; tab_id=&#8221;1522328609702-0e46e753-8c98&#8243;][vc_column_text] See teenusepakett on ideaalne neile, kes soovivad olla kindlad oma toote turvalisuses ka p\u00e4rast tootja garantii l\u00f5ppemist. Saate valida 1 kuni [&hellip;]","og_url":"https:\/\/safeguarantee.eu\/aiatehnika\/","og_site_name":"Safeguarantee","article_modified_time":"2022-01-28T14:28:54+00:00","og_image":[{"width":2258,"height":1500,"url":"https:\/\/safeguarantee.eu\/wp-content\/uploads\/sites\/2\/2018\/06\/garden-grass-meadow-green.jpg","type":"image\/jpeg"}],"twitter_card":"summary_large_image","twitter_misc":{"Est. reading time":"2 minutit"},"schema":{"@context":"https:\/\/schema.org","@graph":[{"@type":"WebPage","@id":"https:\/\/safeguarantee.eu\/aiatehnika\/","url":"https:\/\/safeguarantee.eu\/aiatehnika\/","name":"Aiatehnika - Safeguarantee","isPartOf":{"@id":"https:\/\/safeguarantee.eu\/#website"},"datePublished":"2022-01-21T09:14:19+00:00","dateModified":"2022-01-28T14:28:54+00:00","breadcrumb":{"@id":"https:\/\/safeguarantee.eu\/aiatehnika\/#breadcrumb"},"inLanguage":"et","potentialAction":[{"@type":"ReadAction","target":["https:\/\/safeguarantee.eu\/aiatehnika\/"]}]},{"@type":"BreadcrumbList","@id":"https:\/\/safeguarantee.eu\/aiatehnika\/#breadcrumb","itemListElement":[{"@type":"ListItem","position":1,"name":"Home","item":"https:\/\/safeguarantee.eu\/et\/"},{"@type":"ListItem","position":2,"name":"Aiatehnika"}]},{"@type":"WebSite","@id":"https:\/\/safeguarantee.eu\/#website","url":"https:\/\/safeguarantee.eu\/","name":"Safeguarantee","description":"apsidrausk","potentialAction":[{"@type":"SearchAction","target":{"@type":"EntryPoint","urlTemplate":"https:\/\/safeguarantee.eu\/?s={search_term_string}"},"query-input":"required name=search_term_string"}],"inLanguage":"et"}]}},"_links":{"self":[{"href":"https:\/\/safeguarantee.eu\/et\/wp-json\/wp\/v2\/pages\/4698"}],"collection":[{"href":"https:\/\/safeguarantee.eu\/et\/wp-json\/wp\/v2\/pages"}],"about":[{"href":"https:\/\/safeguarantee.eu\/et\/wp-json\/wp\/v2\/types\/page"}],"author":[{"embeddable":true,"href":"https:\/\/safeguarantee.eu\/et\/wp-json\/wp\/v2\/users\/1"}],"replies":[{"embeddable":true,"href":"https:\/\/safeguarantee.eu\/et\/wp-json\/wp\/v2\/comments?post=4698"}],"version-history":[{"count":14,"href":"https:\/\/safeguarantee.eu\/et\/wp-json\/wp\/v2\/pages\/4698\/revisions"}],"predecessor-version":[{"id":5523,"href":"https:\/\/safeguarantee.eu\/et\/wp-json\/wp\/v2\/pages\/4698\/revisions\/5523"}],"wp:featuredmedia":[{"embeddable":true,"href":"https:\/\/safeguarantee.eu\/et\/wp-json\/wp\/v2\/media\/4486"}],"wp:attachment":[{"href":"https:\/\/safeguarantee.eu\/et\/wp-json\/wp\/v2\/media?parent=4698"}],"curies":[{"name":"wp","href":"https:\/\/api.w.org\/{rel}","templated":true}]}}