{"id":4730,"date":"2022-01-21T11:18:25","date_gmt":"2022-01-21T09:18:25","guid":{"rendered":"https:\/\/safeguarantee.eu\/stacionarus-ir-nesiojami-kompiuteriai\/"},"modified":"2022-01-28T16:24:06","modified_gmt":"2022-01-28T14:24:06","slug":"laua-ja-sulearvutid","status":"publish","type":"page","link":"https:\/\/safeguarantee.eu\/et\/laua-ja-sulearvutid\/","title":{"rendered":"Laua- ja s\u00fclearvutid"},"content":{"rendered":"<div class=\"wpb-content-wrapper\"><p>[vc_row][vc_column][vc_row_inner][vc_column_inner][vc_empty_space css=&#8221;.vc_custom_1530282198818{background-color: #f4f4f4 !important;}&#8221;][\/vc_column_inner][\/vc_row_inner][\/vc_column][\/vc_row][vc_row el_class=&#8221;devices-box&#8221;][vc_column][vc_empty_space]\n <div class=\"iasion-section-title iasion-section-title-style\"><h2>Milliseid kaupu saab kaitsta?<\/h2><\/div>[vc_row_inner el_class=&#8221;custom-hover-tools&#8221;][vc_column_inner]\n <div class=\"consulto-feature-box\">\n <div class= \"consulto-feature-icon\">\n <div class=\"consulto-feature-table\">\n <div class=\"consulto-feature-table-cell\"><i class=\"fa fa-check\"><\/i>\n <\/div>\n <\/div>\n <\/div>\n\n <div class= \"consulto-feature-content\">\n <h3>S\u00fclearvutid<\/h3>\n \n \n <\/div>\n\n <\/div>\n \n \n <div class=\"consulto-feature-box\">\n <div class= \"consulto-feature-icon\">\n <div class=\"consulto-feature-table\">\n <div class=\"consulto-feature-table-cell\"><i class=\"fa fa-check\"><\/i>\n <\/div>\n <\/div>\n <\/div>\n\n <div class= \"consulto-feature-content\">\n <h3>Lauaarvutid<\/h3>\n \n \n <\/div>\n\n <\/div>\n \n [\/vc_column_inner][\/vc_row_inner][vc_empty_space height=&#8221;80&#8243;][\/vc_column][\/vc_row][vc_row][vc_column]\n <div class=\"iasion-section-title iasion-section-title-style\"><h4>Toote parandamine v\u00f5i asendamine p\u00e4rast tootjapoolse garantii l\u00f5ppemist<\/h4><h2>J\u00e4tkuv pikendada kaitse<\/h2><\/div>[\/vc_column][\/vc_row][vc_row][vc_column width=&#8221;1\/2&#8243; el_class=&#8221;custom-no-padding&#8221;][vc_column_text]<\/p>\n<h3>Teenusepaketid<\/h3>\n<p>[\/vc_column_text][vc_tta_accordion active_section=&#8221;4&#8243; collapsible_all=&#8221;true&#8221;][vc_tta_section title=&#8221;Plaan arvutite jaoks&#8221; tab_id=&#8221;1522328609858-fff48ec4-2d79&#8243;][vc_column_text]Plaan on m\u00f5eldud s\u00fclearvutitele ja lauaarvutitele. Tootja garantiiaja l\u00f5ppedes teie arvuti remonditakse v\u00f5i kui see pole v\u00f5imalik, siis vahetatakse v\u00e4lja.[\/vc_column_text][\/vc_tta_section][vc_tta_section title=&#8221;Plaan juriidilistele isikutele&#8221; tab_id=&#8221;1530280001307-697959bd-a3d6&#8243;][vc_column_text]See teenusepakett on k\u00e4ttesaadav k\u00f5igile juriidilistele isikutele, kes ostavad elektroonilisi seadmeid.[\/vc_column_text][\/vc_tta_section][vc_tta_section title=&#8221;Vahetus&#8221; tab_id=&#8221;1530535387051-ed67b3aa-7841&#8243;][vc_column_text]Vahetuse teenusepakett on m\u00f5eldud k\u00f5igi elektrooniliste seadmete jaoks. Kui toode l\u00e4heb rikki p\u00e4rast tootja garantii l\u00f5ppemist, asendame selle uue, samade parameetritega v\u00f5i analoogsete omadustega tootega.[\/vc_column_text][\/vc_tta_section][\/vc_tta_accordion][\/vc_column][vc_column width=&#8221;1\/2&#8243;]\n <div class=\"consulto-feature-box\">\n <div class= \"consulto-feature-icon\">\n <div class=\"consulto-feature-table\">\n <div class=\"consulto-feature-table-cell\"><i class=\"fa fa-calendar\"><\/i>\n <\/div>\n <\/div>\n <\/div>\n\n <div class= \"consulto-feature-content\">\n <h3><\/h3>\n <p>J\u00e4tkuvad kaitsepaketid on saadaval 30 kalendrip\u00e4eva jooksul p\u00e4rast ostu sooritamist.<\/p>\n\n \n <\/div>\n\n <\/div>\n \n \n <div class=\"consulto-feature-box\">\n <div class= \"consulto-feature-icon\">\n <div class=\"consulto-feature-table\">\n <div class=\"consulto-feature-table-cell\"><i class=\"fa fa-truck\"><\/i>\n <\/div>\n <\/div>\n <\/div>\n\n <div class= \"consulto-feature-content\">\n <h3><\/h3>\n <p>Tasuta tehniku v\u00e4ljakutse (kui toode kaalub \u00fcle 10 kg). Tasuta kontroll. Tasuta seadmete transport (kui toode kaalub \u00fcle 10 kg). Tasuta asendamine. Tasuta remont.<\/p>\n\n \n <\/div>\n\n <\/div>\n \n \n <div class=\"consulto-feature-box\">\n <div class= \"consulto-feature-icon\">\n <div class=\"consulto-feature-table\">\n <div class=\"consulto-feature-table-cell\"><i class=\"fa fa-clock-o\"><\/i>\n <\/div>\n <\/div>\n <\/div>\n\n <div class= \"consulto-feature-content\">\n <h3><\/h3>\n <p>V\u00f5ite pikendada oma garantiid 1 kuni 5 aastani.<\/p>\n\n \n <\/div>\n\n <\/div>\n \n [\/vc_column][\/vc_row][vc_row css=&#8221;.vc_custom_1530277691608{background-color: #f4f4f4 !important;}&#8221;][vc_column][vc_empty_space height=&#8221;80&#8243;][vc_row_inner][vc_column_inner]\n <div class=\"iasion-section-title iasion-section-title-style\"><h4>Prek\u0117s apsauga.<\/h4><h2>T\u00e4iendav ostukaitse<\/h2><\/div>[\/vc_column_inner][\/vc_row_inner][\/vc_column][\/vc_row][vc_row css=&#8221;.vc_custom_1530519493109{background-color: #f4f4f4 !important;}&#8221; el_class=&#8221;custom-no-padding&#8221;][vc_column width=&#8221;1\/2&#8243;][vc_column_text]<\/p>\n<h3>Teenusepaketid<\/h3>\n<p>[\/vc_column_text][vc_tta_accordion active_section=&#8221;4&#8243; collapsible_all=&#8221;true&#8221;][vc_tta_section title=&#8221;Ostukindlustus&#8221; tab_id=&#8221;1530277383932-74f04027-1ac5&#8243;][vc_column_text]<\/p>\n<p class=\"western\" lang=\"en-GB\">See teenus kehtib kogu elektroonika ja kodumasinate kohta. Ostukindlustuslepingu puhul saate valida 1 v\u00f5i 2 aastase kestuse vahel.<\/p>\n<p>[\/vc_column_text][\/vc_tta_section][\/vc_tta_accordion][\/vc_column][vc_column width=&#8221;1\/2&#8243; el_class=&#8221;custom-no-padding&#8221;]\n <div class=\"consulto-feature-box\">\n <div class= \"consulto-feature-icon\">\n <div class=\"consulto-feature-table\">\n <div class=\"consulto-feature-table-cell\"><i class=\"fa fa-handshake-o\"><\/i>\n <\/div>\n <\/div>\n <\/div>\n\n <div class= \"consulto-feature-content\">\n <h3><\/h3>\n <p>Teenusepaketid kehtivad f\u00fc\u00fcsilistele ja juriidilistele isikutele<\/p>\n\n \n <\/div>\n\n <\/div>\n \n \n <div class=\"consulto-feature-box\">\n <div class= \"consulto-feature-icon\">\n <div class=\"consulto-feature-table\">\n <div class=\"consulto-feature-table-cell\"><i class=\"fa fa-ban\"><\/i>\n <\/div>\n <\/div>\n <\/div>\n\n <div class= \"consulto-feature-content\">\n <h3><\/h3>\n <p>Kiirremont. Kasutatakse ainult originaalosasid. Kahjude v\u00e4hendamine. Kaitse purunemise, tule- ja veekahjustuste eest. Varguskaitse.<\/p>\n\n \n <\/div>\n\n <\/div>\n \n [\/vc_column][\/vc_row][vc_row full_width=&#8221;stretch_row_content&#8221; css=&#8221;.vc_custom_1530520674839{background-color: #f4f4f4 !important;background-position: center !important;background-repeat: no-repeat !important;background-size: cover !important;}&#8221; el_class=&#8221;custom-no-padding&#8221;][vc_column][vc_row_inner css=&#8221;.vc_custom_1530195536584{background-color: #f4f4f4 !important;}&#8221;][vc_column_inner width=&#8221;1\/6&#8243;][\/vc_column_inner][vc_column_inner width=&#8221;2\/3&#8243;][vc_btn title=&#8221;Lisateabe saamiseks v\u00f5tke meiega \u00fchendust aadressil estonia@safeguarantee.eu v\u00f5i telefonil +372 519 97752&#8243; style=&#8221;classic&#8221; shape=&#8221;round&#8221; color=&#8221;inverse&#8221; align=&#8221;center&#8221; button_block=&#8221;true&#8221; link=&#8221;url:http%3A%2F%2Fsafeguarantee.eu%2Fet%2Fkontaktandmed%2F|target:%20_blank|&#8221;][\/vc_column_inner][vc_column_inner width=&#8221;1\/6&#8243;][\/vc_column_inner][\/vc_row_inner][\/vc_column][\/vc_row]<\/p>\n<\/div>","protected":false},"excerpt":{"rendered":"<p>[vc_row][vc_column][vc_row_inner][vc_column_inner][vc_empty_space css=&#8221;.vc_custom_1530282198818{background-color: #f4f4f4 !important;}&#8221;][\/vc_column_inner][\/vc_row_inner][\/vc_column][\/vc_row][vc_row el_class=&#8221;devices-box&#8221;][vc_column][vc_empty_space][vc_row_inner el_class=&#8221;custom-hover-tools&#8221;][vc_column_inner][\/vc_column_inner][\/vc_row_inner][vc_empty_space height=&#8221;80&#8243;][\/vc_column][\/vc_row][vc_row][vc_column][\/vc_column][\/vc_row][vc_row][vc_column width=&#8221;1\/2&#8243; el_class=&#8221;custom-no-padding&#8221;][vc_column_text] Teenusepaketid [\/vc_column_text][vc_tta_accordion active_section=&#8221;4&#8243; collapsible_all=&#8221;true&#8221;][vc_tta_section title=&#8221;Plaan arvutite jaoks&#8221; tab_id=&#8221;1522328609858-fff48ec4-2d79&#8243;][vc_column_text]Plaan on m\u00f5eldud s\u00fclearvutitele ja lauaarvutitele. Tootja garantiiaja l\u00f5ppedes teie arvuti remonditakse v\u00f5i kui see pole v\u00f5imalik, siis vahetatakse v\u00e4lja.[\/vc_column_text][\/vc_tta_section][vc_tta_section title=&#8221;Plaan juriidilistele isikutele&#8221; tab_id=&#8221;1530280001307-697959bd-a3d6&#8243;][vc_column_text]See teenusepakett on k\u00e4ttesaadav k\u00f5igile juriidilistele isikutele, kes ostavad elektroonilisi seadmeid.[\/vc_column_text][\/vc_tta_section][vc_tta_section title=&#8221;Vahetus&#8221; tab_id=&#8221;1530535387051-ed67b3aa-7841&#8243;][vc_column_text]Vahetuse teenusepakett on m\u00f5eldud [&hellip;]<\/p>\n","protected":false},"author":1,"featured_media":4366,"parent":0,"menu_order":0,"comment_status":"closed","ping_status":"closed","template":"","meta":{"_acf_changed":false,"footnotes":""},"acf":[],"yoast_head":"\n<title>Laua- ja s\u00fclearvutid - Safeguarantee<\/title>\n<meta name=\"robots\" content=\"index, follow, max-snippet:-1, max-image-preview:large, max-video-preview:-1\" \/>\n<link rel=\"canonical\" href=\"https:\/\/safeguarantee.eu\/laua-ja-sulearvutid\/\" \/>\n<meta property=\"og:locale\" content=\"et_EE\" \/>\n<meta property=\"og:type\" content=\"article\" \/>\n<meta property=\"og:title\" content=\"Laua- ja s\u00fclearvutid - Safeguarantee\" \/>\n<meta property=\"og:description\" content=\"[vc_row][vc_column][vc_row_inner][vc_column_inner][vc_empty_space css=&#8221;.vc_custom_1530282198818{background-color: #f4f4f4 !important;}&#8221;][\/vc_column_inner][\/vc_row_inner][\/vc_column][\/vc_row][vc_row el_class=&#8221;devices-box&#8221;][vc_column][vc_empty_space][vc_row_inner el_class=&#8221;custom-hover-tools&#8221;][vc_column_inner][\/vc_column_inner][\/vc_row_inner][vc_empty_space height=&#8221;80&#8243;][\/vc_column][\/vc_row][vc_row][vc_column][\/vc_column][\/vc_row][vc_row][vc_column width=&#8221;1\/2&#8243; el_class=&#8221;custom-no-padding&#8221;][vc_column_text] Teenusepaketid [\/vc_column_text][vc_tta_accordion active_section=&#8221;4&#8243; collapsible_all=&#8221;true&#8221;][vc_tta_section title=&#8221;Plaan arvutite jaoks&#8221; tab_id=&#8221;1522328609858-fff48ec4-2d79&#8243;][vc_column_text]Plaan on m\u00f5eldud s\u00fclearvutitele ja lauaarvutitele. Tootja garantiiaja l\u00f5ppedes teie arvuti remonditakse v\u00f5i kui see pole v\u00f5imalik, siis vahetatakse v\u00e4lja.[\/vc_column_text][\/vc_tta_section][vc_tta_section title=&#8221;Plaan juriidilistele isikutele&#8221; tab_id=&#8221;1530280001307-697959bd-a3d6&#8243;][vc_column_text]See teenusepakett on k\u00e4ttesaadav k\u00f5igile juriidilistele isikutele, kes ostavad elektroonilisi seadmeid.[\/vc_column_text][\/vc_tta_section][vc_tta_section title=&#8221;Vahetus&#8221; tab_id=&#8221;1530535387051-ed67b3aa-7841&#8243;][vc_column_text]Vahetuse teenusepakett on m\u00f5eldud [&hellip;]\" \/>\n<meta property=\"og:url\" content=\"https:\/\/safeguarantee.eu\/laua-ja-sulearvutid\/\" \/>\n<meta property=\"og:site_name\" content=\"Safeguarantee\" \/>\n<meta property=\"article:modified_time\" content=\"2022-01-28T14:24:06+00:00\" \/>\n<meta property=\"og:image\" content=\"https:\/\/safeguarantee.eu\/wp-content\/uploads\/sites\/2\/2018\/06\/apple-bed-bedroom-5329.jpg\" \/>\n\t<meta property=\"og:image:width\" content=\"1980\" \/>\n\t<meta property=\"og:image:height\" content=\"1321\" \/>\n\t<meta property=\"og:image:type\" content=\"image\/jpeg\" \/>\n<meta name=\"twitter:card\" content=\"summary_large_image\" \/>\n<meta name=\"twitter:label1\" content=\"Est. reading time\" \/>\n\t<meta name=\"twitter:data1\" content=\"2 minutit\" \/>\n<script type=\"application\/ld+json\" class=\"yoast-schema-graph\">{\"@context\":\"https:\/\/schema.org\",\"@graph\":[{\"@type\":\"WebPage\",\"@id\":\"https:\/\/safeguarantee.eu\/laua-ja-sulearvutid\/\",\"url\":\"https:\/\/safeguarantee.eu\/laua-ja-sulearvutid\/\",\"name\":\"Laua- ja s\u00fclearvutid - Safeguarantee\",\"isPartOf\":{\"@id\":\"https:\/\/safeguarantee.eu\/#website\"},\"datePublished\":\"2022-01-21T09:18:25+00:00\",\"dateModified\":\"2022-01-28T14:24:06+00:00\",\"breadcrumb\":{\"@id\":\"https:\/\/safeguarantee.eu\/laua-ja-sulearvutid\/#breadcrumb\"},\"inLanguage\":\"et\",\"potentialAction\":[{\"@type\":\"ReadAction\",\"target\":[\"https:\/\/safeguarantee.eu\/laua-ja-sulearvutid\/\"]}]},{\"@type\":\"BreadcrumbList\",\"@id\":\"https:\/\/safeguarantee.eu\/laua-ja-sulearvutid\/#breadcrumb\",\"itemListElement\":[{\"@type\":\"ListItem\",\"position\":1,\"name\":\"Home\",\"item\":\"https:\/\/safeguarantee.eu\/et\/\"},{\"@type\":\"ListItem\",\"position\":2,\"name\":\"Laua- ja s\u00fclearvutid\"}]},{\"@type\":\"WebSite\",\"@id\":\"https:\/\/safeguarantee.eu\/#website\",\"url\":\"https:\/\/safeguarantee.eu\/\",\"name\":\"Safeguarantee\",\"description\":\"apsidrausk\",\"potentialAction\":[{\"@type\":\"SearchAction\",\"target\":{\"@type\":\"EntryPoint\",\"urlTemplate\":\"https:\/\/safeguarantee.eu\/?s={search_term_string}\"},\"query-input\":\"required name=search_term_string\"}],\"inLanguage\":\"et\"}]}<\/script>\n","yoast_head_json":{"title":"Laua- ja s\u00fclearvutid - Safeguarantee","robots":{"index":"index","follow":"follow","max-snippet":"max-snippet:-1","max-image-preview":"max-image-preview:large","max-video-preview":"max-video-preview:-1"},"canonical":"https:\/\/safeguarantee.eu\/laua-ja-sulearvutid\/","og_locale":"et_EE","og_type":"article","og_title":"Laua- ja s\u00fclearvutid - Safeguarantee","og_description":"[vc_row][vc_column][vc_row_inner][vc_column_inner][vc_empty_space css=&#8221;.vc_custom_1530282198818{background-color: #f4f4f4 !important;}&#8221;][\/vc_column_inner][\/vc_row_inner][\/vc_column][\/vc_row][vc_row el_class=&#8221;devices-box&#8221;][vc_column][vc_empty_space][vc_row_inner el_class=&#8221;custom-hover-tools&#8221;][vc_column_inner][\/vc_column_inner][\/vc_row_inner][vc_empty_space height=&#8221;80&#8243;][\/vc_column][\/vc_row][vc_row][vc_column][\/vc_column][\/vc_row][vc_row][vc_column width=&#8221;1\/2&#8243; el_class=&#8221;custom-no-padding&#8221;][vc_column_text] Teenusepaketid [\/vc_column_text][vc_tta_accordion active_section=&#8221;4&#8243; collapsible_all=&#8221;true&#8221;][vc_tta_section title=&#8221;Plaan arvutite jaoks&#8221; tab_id=&#8221;1522328609858-fff48ec4-2d79&#8243;][vc_column_text]Plaan on m\u00f5eldud s\u00fclearvutitele ja lauaarvutitele. Tootja garantiiaja l\u00f5ppedes teie arvuti remonditakse v\u00f5i kui see pole v\u00f5imalik, siis vahetatakse v\u00e4lja.[\/vc_column_text][\/vc_tta_section][vc_tta_section title=&#8221;Plaan juriidilistele isikutele&#8221; tab_id=&#8221;1530280001307-697959bd-a3d6&#8243;][vc_column_text]See teenusepakett on k\u00e4ttesaadav k\u00f5igile juriidilistele isikutele, kes ostavad elektroonilisi seadmeid.[\/vc_column_text][\/vc_tta_section][vc_tta_section title=&#8221;Vahetus&#8221; tab_id=&#8221;1530535387051-ed67b3aa-7841&#8243;][vc_column_text]Vahetuse teenusepakett on m\u00f5eldud [&hellip;]","og_url":"https:\/\/safeguarantee.eu\/laua-ja-sulearvutid\/","og_site_name":"Safeguarantee","article_modified_time":"2022-01-28T14:24:06+00:00","og_image":[{"width":1980,"height":1321,"url":"https:\/\/safeguarantee.eu\/wp-content\/uploads\/sites\/2\/2018\/06\/apple-bed-bedroom-5329.jpg","type":"image\/jpeg"}],"twitter_card":"summary_large_image","twitter_misc":{"Est. reading time":"2 minutit"},"schema":{"@context":"https:\/\/schema.org","@graph":[{"@type":"WebPage","@id":"https:\/\/safeguarantee.eu\/laua-ja-sulearvutid\/","url":"https:\/\/safeguarantee.eu\/laua-ja-sulearvutid\/","name":"Laua- ja s\u00fclearvutid - Safeguarantee","isPartOf":{"@id":"https:\/\/safeguarantee.eu\/#website"},"datePublished":"2022-01-21T09:18:25+00:00","dateModified":"2022-01-28T14:24:06+00:00","breadcrumb":{"@id":"https:\/\/safeguarantee.eu\/laua-ja-sulearvutid\/#breadcrumb"},"inLanguage":"et","potentialAction":[{"@type":"ReadAction","target":["https:\/\/safeguarantee.eu\/laua-ja-sulearvutid\/"]}]},{"@type":"BreadcrumbList","@id":"https:\/\/safeguarantee.eu\/laua-ja-sulearvutid\/#breadcrumb","itemListElement":[{"@type":"ListItem","position":1,"name":"Home","item":"https:\/\/safeguarantee.eu\/et\/"},{"@type":"ListItem","position":2,"name":"Laua- ja s\u00fclearvutid"}]},{"@type":"WebSite","@id":"https:\/\/safeguarantee.eu\/#website","url":"https:\/\/safeguarantee.eu\/","name":"Safeguarantee","description":"apsidrausk","potentialAction":[{"@type":"SearchAction","target":{"@type":"EntryPoint","urlTemplate":"https:\/\/safeguarantee.eu\/?s={search_term_string}"},"query-input":"required name=search_term_string"}],"inLanguage":"et"}]}},"_links":{"self":[{"href":"https:\/\/safeguarantee.eu\/et\/wp-json\/wp\/v2\/pages\/4730"}],"collection":[{"href":"https:\/\/safeguarantee.eu\/et\/wp-json\/wp\/v2\/pages"}],"about":[{"href":"https:\/\/safeguarantee.eu\/et\/wp-json\/wp\/v2\/types\/page"}],"author":[{"embeddable":true,"href":"https:\/\/safeguarantee.eu\/et\/wp-json\/wp\/v2\/users\/1"}],"replies":[{"embeddable":true,"href":"https:\/\/safeguarantee.eu\/et\/wp-json\/wp\/v2\/comments?post=4730"}],"version-history":[{"count":16,"href":"https:\/\/safeguarantee.eu\/et\/wp-json\/wp\/v2\/pages\/4730\/revisions"}],"predecessor-version":[{"id":5517,"href":"https:\/\/safeguarantee.eu\/et\/wp-json\/wp\/v2\/pages\/4730\/revisions\/5517"}],"wp:featuredmedia":[{"embeddable":true,"href":"https:\/\/safeguarantee.eu\/et\/wp-json\/wp\/v2\/media\/4366"}],"wp:attachment":[{"href":"https:\/\/safeguarantee.eu\/et\/wp-json\/wp\/v2\/media?parent=4730"}],"curies":[{"name":"wp","href":"https:\/\/api.w.org\/{rel}","templated":true}]}}