{"id":4742,"date":"2022-01-21T11:18:51","date_gmt":"2022-01-21T09:18:51","guid":{"rendered":"https:\/\/safeguarantee.eu\/zalos-registracija\/"},"modified":"2022-01-31T09:29:46","modified_gmt":"2022-01-31T07:29:46","slug":"kahju-registreerimine","status":"publish","type":"page","link":"https:\/\/safeguarantee.eu\/et\/kahju-registreerimine\/","title":{"rendered":"Kahju registreerimine"},"content":{"rendered":"<div class=\"wpb-content-wrapper\"><p>[vc_row el_class=&#8221;contact-row&#8221;][vc_column width=&#8221;1\/2&#8243; css=&#8221;.vc_custom_1528352391382{padding-right: 30px !important;}&#8221; el_class=&#8221;contact-text&#8221;][vc_column_text css_animation=&#8221;bounceIn&#8221;]<\/p>\n<div class=\"vc_tta-panel-heading\"><\/div>\n<div class=\"vc_tta-panel-body\">\n<div class=\"wpb_text_column wpb_content_element \">\n<div class=\"wpb_wrapper\">\n<p>&nbsp;<\/p>\n<p>&nbsp;<\/p>\n<p><strong>Registreerige rike aadressil\u00a0<a href=\"https:\/\/www.safeguarantee.eu\/\">www.safeguarantee.eu<\/a><\/strong><\/p>\n<p>&nbsp;<\/p>\n<p>&#8220;Safe Guarantee&#8221; konsultant v\u00f5tab teiega peatselt \u00fchendust ja annab teile teavet remondi v\u00f5i vahetuse edenemise kohta.<\/p>\n<p>&nbsp;<\/p>\n<\/div>\n<\/div>\n<\/div>\n<div class=\"vc_tta-panel-heading\">\n<p class=\"vc_tta-panel-title vc_tta-controls-icon-position-left\"><strong><span class=\"vc_tta-title-text\">Ei ole v\u00f5imalik kahju registreerida?<\/span><\/strong><\/p>\n<p>&nbsp;<\/p>\n<\/div>\n<div class=\"vc_tta-panel-body\">\n<div class=\"wpb_text_column wpb_content_element \">\n<div class=\"wpb_wrapper\">\n<p>Helistage telefoninumbrile +372 51997752 ja registreerige rike. &#8220;Safe Guarantee&#8221; konsultandid annavad teavet toote parandamise v\u00f5i v\u00e4ljavahetamise edenemise kohta.<\/p>\n<\/div>\n<\/div>\n<\/div>\n<p>[\/vc_column_text][vc_btn title=&#8221;Privaatsuspoliitika&#8221; style=&#8221;custom&#8221; custom_text=&#8221;#666666&#8243; shape=&#8221;round&#8221; link=&#8221;url:http%3A%2F%2Fsafeguarantee.eu%2Fet%2Fprivaatsuspoliitika%2F|target:%20_blank|&#8221;][\/vc_column][vc_column width=&#8221;1\/2&#8243; el_class=&#8221;contact-form-fields&#8221;]\n<div class=\"wpcf7 no-js\" id=\"wpcf7-f3602-o1\" lang=\"en-US\" dir=\"ltr\">\n<div class=\"screen-reader-response\"><p role=\"status\" aria-live=\"polite\" aria-atomic=\"true\"><\/p> <ul><\/ul><\/div>\n<form action=\"\/et\/wp-json\/wp\/v2\/pages\/4742#wpcf7-f3602-o1\" method=\"post\" class=\"wpcf7-form init\" aria-label=\"Contact form\" novalidate=\"novalidate\" data-status=\"init\">\n<div style=\"display: none;\">\n<input type=\"hidden\" name=\"_wpcf7\" value=\"3602\" \/>\n<input type=\"hidden\" name=\"_wpcf7_version\" value=\"5.8.7\" \/>\n<input type=\"hidden\" name=\"_wpcf7_locale\" value=\"en_US\" \/>\n<input type=\"hidden\" name=\"_wpcf7_unit_tag\" value=\"wpcf7-f3602-o1\" \/>\n<input type=\"hidden\" name=\"_wpcf7_container_post\" value=\"0\" \/>\n<input type=\"hidden\" name=\"_wpcf7_posted_data_hash\" value=\"\" \/>\n<\/div>\n<div class=\"zalos-registracija\">\n\t<div class=\"row\">\n\t\t<div class=\"col-md-12\">\n\t\t\t<p><span class=\"wpcf7-form-control-wrap\" data-name=\"Date\"><input size=\"40\" class=\"wpcf7-form-control wpcf7-text wpcf7-validates-as-required\" aria-required=\"true\" aria-invalid=\"false\" placeholder=\"Juhtumi kuup\u00e4ev aasta\/kuu\/p\u00e4ev\" value=\"\" type=\"text\" name=\"Date\" \/><\/span>\n\t\t\t<\/p>\n\t\t<\/div>\n\t\t<div class=\"col-md-6\">\n\t\t\t<p><span class=\"wpcf7-form-control-wrap\" data-name=\"Name\"><input size=\"40\" class=\"wpcf7-form-control wpcf7-text wpcf7-validates-as-required\" aria-required=\"true\" aria-invalid=\"false\" placeholder=\"Nimi, Perekonnanimi\" value=\"\" type=\"text\" name=\"Name\" \/><\/span>\n\t\t\t<\/p>\n\t\t<\/div>\n\t\t<div class=\"col-md-6\">\n\t\t\t<p><span class=\"wpcf7-form-control-wrap\" data-name=\"Contract\"><input size=\"40\" class=\"wpcf7-form-control wpcf7-text wpcf7-validates-as-required\" aria-required=\"true\" aria-invalid=\"false\" placeholder=\"Lepingu Nr\" value=\"\" type=\"text\" name=\"Contract\" \/><\/span>\n\t\t\t<\/p>\n\t\t<\/div>\n\t\t<div class=\"col-md-12\">\n\t\t\t<p><span class=\"wpcf7-form-control-wrap\" data-name=\"Message\"><textarea cols=\"40\" rows=\"10\" class=\"wpcf7-form-control wpcf7-textarea wpcf7-validates-as-required\" aria-required=\"true\" aria-invalid=\"false\" placeholder=\"Kahju kirjeldus\" name=\"Message\"><\/textarea><\/span>\n\t\t\t<\/p>\n\t\t<\/div>\n\t\t<div class=\"col-md-6\">\n\t\t\t<p><span class=\"wpcf7-form-control-wrap\" data-name=\"email\"><input size=\"40\" class=\"wpcf7-form-control wpcf7-email wpcf7-validates-as-required wpcf7-text wpcf7-validates-as-email\" aria-required=\"true\" aria-invalid=\"false\" placeholder=\"El. mail\" value=\"\" type=\"email\" name=\"email\" \/><\/span>\n\t\t\t<\/p>\n\t\t<\/div>\n\t\t<div class=\"col-md-6\">\n\t\t\t<p><span class=\"wpcf7-form-control-wrap\" data-name=\"phone\"><input size=\"40\" class=\"wpcf7-form-control wpcf7-text wpcf7-validates-as-required\" aria-required=\"true\" aria-invalid=\"false\" placeholder=\"Tel.\" value=\"\" type=\"text\" name=\"phone\" \/><\/span>\n\t\t\t<\/p>\n\t\t<\/div>\n\t\t<div class=\"cf\">\n\t\t<\/div>\n\t<\/div>\n<\/div>\n<div class=\"col-md-12 check_box\">\n\t<div class=\"form-item\">\n\t\t<div class=\"checkbox-wr\">\n\t\t\t<p><span class=\"wpcf7-form-control-wrap\" data-name=\"susipazinau\"><span class=\"wpcf7-form-control wpcf7-checkbox wpcf7-validates-as-required susipazinau\" id=\"susipazinau\"><span class=\"wpcf7-list-item first last\"><input type=\"checkbox\" name=\"susipazinau[]\" value=\"Olen lugenud ja n\u00f5ustun esitatud privaatsuspoliitikaga*\" \/><span class=\"wpcf7-list-item-label\">Olen lugenud ja n\u00f5ustun esitatud privaatsuspoliitikaga*<\/span><\/span><\/span><\/span>\n\t\t\t<\/p>\n\t\t<\/div>\n\t\t<div class=\"clearfix\">\n\t\t<\/div>\n\t<\/div>\n<\/div>\n<p><button type=\"submit\">Saada<\/button>\n<\/p><div class=\"wpcf7-response-output\" aria-hidden=\"true\"><\/div>\n<\/form>\n<\/div>\n[\/vc_column][\/vc_row]<\/p>\n<\/div>","protected":false},"excerpt":{"rendered":"<p>[vc_row el_class=&#8221;contact-row&#8221;][vc_column width=&#8221;1\/2&#8243; css=&#8221;.vc_custom_1528352391382{padding-right: 30px !important;}&#8221; el_class=&#8221;contact-text&#8221;][vc_column_text css_animation=&#8221;bounceIn&#8221;] &nbsp; &nbsp; Registreerige rike aadressil\u00a0www.safeguarantee.eu &nbsp; &#8220;Safe Guarantee&#8221; konsultant v\u00f5tab teiega peatselt \u00fchendust ja annab teile teavet remondi v\u00f5i vahetuse edenemise kohta. &nbsp; Ei ole v\u00f5imalik kahju registreerida? &nbsp; Helistage telefoninumbrile +372 51997752 ja registreerige rike. &#8220;Safe Guarantee&#8221; konsultandid annavad teavet toote parandamise v\u00f5i v\u00e4ljavahetamise edenemise kohta. [&hellip;]<\/p>\n","protected":false},"author":1,"featured_media":4340,"parent":0,"menu_order":0,"comment_status":"closed","ping_status":"closed","template":"","meta":{"_acf_changed":false,"footnotes":""},"acf":[],"yoast_head":"\n<title>Kahju registreerimine - Safeguarantee<\/title>\n<meta name=\"robots\" content=\"index, follow, max-snippet:-1, max-image-preview:large, max-video-preview:-1\" \/>\n<link rel=\"canonical\" href=\"https:\/\/safeguarantee.eu\/kahju-registreerimine\/\" \/>\n<meta property=\"og:locale\" content=\"et_EE\" \/>\n<meta property=\"og:type\" content=\"article\" \/>\n<meta property=\"og:title\" content=\"Kahju registreerimine - Safeguarantee\" \/>\n<meta property=\"og:description\" content=\"[vc_row el_class=&#8221;contact-row&#8221;][vc_column width=&#8221;1\/2&#8243; css=&#8221;.vc_custom_1528352391382{padding-right: 30px !important;}&#8221; el_class=&#8221;contact-text&#8221;][vc_column_text css_animation=&#8221;bounceIn&#8221;] &nbsp; &nbsp; Registreerige rike aadressil\u00a0www.safeguarantee.eu &nbsp; &#8220;Safe Guarantee&#8221; konsultant v\u00f5tab teiega peatselt \u00fchendust ja annab teile teavet remondi v\u00f5i vahetuse edenemise kohta. &nbsp; Ei ole v\u00f5imalik kahju registreerida? &nbsp; Helistage telefoninumbrile +372 51997752 ja registreerige rike. &#8220;Safe Guarantee&#8221; konsultandid annavad teavet toote parandamise v\u00f5i v\u00e4ljavahetamise edenemise kohta. [&hellip;]\" \/>\n<meta property=\"og:url\" content=\"https:\/\/safeguarantee.eu\/kahju-registreerimine\/\" \/>\n<meta property=\"og:site_name\" content=\"Safeguarantee\" \/>\n<meta property=\"article:modified_time\" content=\"2022-01-31T07:29:46+00:00\" \/>\n<meta property=\"og:image\" content=\"https:\/\/safeguarantee.eu\/wp-content\/uploads\/sites\/2\/2017\/11\/photodune-17006949-family-with-grandparents-using-technology-at-home-xxl.jpg\" \/>\n\t<meta property=\"og:image:width\" content=\"1980\" \/>\n\t<meta property=\"og:image:height\" content=\"1320\" \/>\n\t<meta property=\"og:image:type\" content=\"image\/jpeg\" \/>\n<meta name=\"twitter:card\" content=\"summary_large_image\" \/>\n<meta name=\"twitter:label1\" content=\"Est. reading time\" \/>\n\t<meta name=\"twitter:data1\" content=\"1 minut\" \/>\n<script type=\"application\/ld+json\" class=\"yoast-schema-graph\">{\"@context\":\"https:\/\/schema.org\",\"@graph\":[{\"@type\":\"WebPage\",\"@id\":\"https:\/\/safeguarantee.eu\/kahju-registreerimine\/\",\"url\":\"https:\/\/safeguarantee.eu\/kahju-registreerimine\/\",\"name\":\"Kahju registreerimine - Safeguarantee\",\"isPartOf\":{\"@id\":\"https:\/\/safeguarantee.eu\/#website\"},\"datePublished\":\"2022-01-21T09:18:51+00:00\",\"dateModified\":\"2022-01-31T07:29:46+00:00\",\"breadcrumb\":{\"@id\":\"https:\/\/safeguarantee.eu\/kahju-registreerimine\/#breadcrumb\"},\"inLanguage\":\"et\",\"potentialAction\":[{\"@type\":\"ReadAction\",\"target\":[\"https:\/\/safeguarantee.eu\/kahju-registreerimine\/\"]}]},{\"@type\":\"BreadcrumbList\",\"@id\":\"https:\/\/safeguarantee.eu\/kahju-registreerimine\/#breadcrumb\",\"itemListElement\":[{\"@type\":\"ListItem\",\"position\":1,\"name\":\"Home\",\"item\":\"https:\/\/safeguarantee.eu\/et\/\"},{\"@type\":\"ListItem\",\"position\":2,\"name\":\"Kahju registreerimine\"}]},{\"@type\":\"WebSite\",\"@id\":\"https:\/\/safeguarantee.eu\/#website\",\"url\":\"https:\/\/safeguarantee.eu\/\",\"name\":\"Safeguarantee\",\"description\":\"apsidrausk\",\"potentialAction\":[{\"@type\":\"SearchAction\",\"target\":{\"@type\":\"EntryPoint\",\"urlTemplate\":\"https:\/\/safeguarantee.eu\/?s={search_term_string}\"},\"query-input\":\"required name=search_term_string\"}],\"inLanguage\":\"et\"}]}<\/script>\n","yoast_head_json":{"title":"Kahju registreerimine - Safeguarantee","robots":{"index":"index","follow":"follow","max-snippet":"max-snippet:-1","max-image-preview":"max-image-preview:large","max-video-preview":"max-video-preview:-1"},"canonical":"https:\/\/safeguarantee.eu\/kahju-registreerimine\/","og_locale":"et_EE","og_type":"article","og_title":"Kahju registreerimine - Safeguarantee","og_description":"[vc_row el_class=&#8221;contact-row&#8221;][vc_column width=&#8221;1\/2&#8243; css=&#8221;.vc_custom_1528352391382{padding-right: 30px !important;}&#8221; el_class=&#8221;contact-text&#8221;][vc_column_text css_animation=&#8221;bounceIn&#8221;] &nbsp; &nbsp; Registreerige rike aadressil\u00a0www.safeguarantee.eu &nbsp; &#8220;Safe Guarantee&#8221; konsultant v\u00f5tab teiega peatselt \u00fchendust ja annab teile teavet remondi v\u00f5i vahetuse edenemise kohta. &nbsp; Ei ole v\u00f5imalik kahju registreerida? &nbsp; Helistage telefoninumbrile +372 51997752 ja registreerige rike. &#8220;Safe Guarantee&#8221; konsultandid annavad teavet toote parandamise v\u00f5i v\u00e4ljavahetamise edenemise kohta. [&hellip;]","og_url":"https:\/\/safeguarantee.eu\/kahju-registreerimine\/","og_site_name":"Safeguarantee","article_modified_time":"2022-01-31T07:29:46+00:00","og_image":[{"width":1980,"height":1320,"url":"https:\/\/safeguarantee.eu\/wp-content\/uploads\/sites\/2\/2017\/11\/photodune-17006949-family-with-grandparents-using-technology-at-home-xxl.jpg","type":"image\/jpeg"}],"twitter_card":"summary_large_image","twitter_misc":{"Est. reading time":"1 minut"},"schema":{"@context":"https:\/\/schema.org","@graph":[{"@type":"WebPage","@id":"https:\/\/safeguarantee.eu\/kahju-registreerimine\/","url":"https:\/\/safeguarantee.eu\/kahju-registreerimine\/","name":"Kahju registreerimine - Safeguarantee","isPartOf":{"@id":"https:\/\/safeguarantee.eu\/#website"},"datePublished":"2022-01-21T09:18:51+00:00","dateModified":"2022-01-31T07:29:46+00:00","breadcrumb":{"@id":"https:\/\/safeguarantee.eu\/kahju-registreerimine\/#breadcrumb"},"inLanguage":"et","potentialAction":[{"@type":"ReadAction","target":["https:\/\/safeguarantee.eu\/kahju-registreerimine\/"]}]},{"@type":"BreadcrumbList","@id":"https:\/\/safeguarantee.eu\/kahju-registreerimine\/#breadcrumb","itemListElement":[{"@type":"ListItem","position":1,"name":"Home","item":"https:\/\/safeguarantee.eu\/et\/"},{"@type":"ListItem","position":2,"name":"Kahju registreerimine"}]},{"@type":"WebSite","@id":"https:\/\/safeguarantee.eu\/#website","url":"https:\/\/safeguarantee.eu\/","name":"Safeguarantee","description":"apsidrausk","potentialAction":[{"@type":"SearchAction","target":{"@type":"EntryPoint","urlTemplate":"https:\/\/safeguarantee.eu\/?s={search_term_string}"},"query-input":"required name=search_term_string"}],"inLanguage":"et"}]}},"_links":{"self":[{"href":"https:\/\/safeguarantee.eu\/et\/wp-json\/wp\/v2\/pages\/4742"}],"collection":[{"href":"https:\/\/safeguarantee.eu\/et\/wp-json\/wp\/v2\/pages"}],"about":[{"href":"https:\/\/safeguarantee.eu\/et\/wp-json\/wp\/v2\/types\/page"}],"author":[{"embeddable":true,"href":"https:\/\/safeguarantee.eu\/et\/wp-json\/wp\/v2\/users\/1"}],"replies":[{"embeddable":true,"href":"https:\/\/safeguarantee.eu\/et\/wp-json\/wp\/v2\/comments?post=4742"}],"version-history":[{"count":10,"href":"https:\/\/safeguarantee.eu\/et\/wp-json\/wp\/v2\/pages\/4742\/revisions"}],"predecessor-version":[{"id":5180,"href":"https:\/\/safeguarantee.eu\/et\/wp-json\/wp\/v2\/pages\/4742\/revisions\/5180"}],"wp:featuredmedia":[{"embeddable":true,"href":"https:\/\/safeguarantee.eu\/et\/wp-json\/wp\/v2\/media\/4340"}],"wp:attachment":[{"href":"https:\/\/safeguarantee.eu\/et\/wp-json\/wp\/v2\/media?parent=4742"}],"curies":[{"name":"wp","href":"https:\/\/api.w.org\/{rel}","templated":true}]}}