{"id":4825,"date":"2022-01-21T15:25:39","date_gmt":"2022-01-21T13:25:39","guid":{"rendered":"https:\/\/safeguarantee.eu\/?page_id=4825"},"modified":"2022-02-01T12:36:10","modified_gmt":"2022-02-01T10:36:10","slug":"meie-kohta","status":"publish","type":"page","link":"https:\/\/safeguarantee.eu\/et\/meie-kohta\/","title":{"rendered":"Meie kohta"},"content":{"rendered":"<div class=\"wpb-content-wrapper\"><p>[vc_row css=&#8221;.vc_custom_1505700597009{margin-top: 80px !important;}&#8221;][vc_column][vc_column_text el_class=&#8221;about-intro&#8221;]<\/p>\n<p class=\"western\" lang=\"en-GB\" style=\"text-align: center;\">&#8220;Safe Guarantee&#8221; on uuenduslik \u00e4ri\u00fching, mis pakub tootekaitseteenuseid. Meie ekspertide meeskond, kellel on kindlustussektoris rohkem kui k\u00fcmneaastane kogemus, on p\u00fchendunud professionaalsete teenuste osutamisele, mis on k\u00f5igile k\u00e4ttesaadavad.<\/p>\n<p class=\"western\" lang=\"en-GB\" style=\"text-align: center;\">Iga f\u00fc\u00fcsiline v\u00f5i juriidiline isik, kes ostab elektroonikaseadmeid v\u00f5i kodumasinaid, v\u00f5ib soetada j\u00e4tkuva garantii ja kindlustuse. Me tagame, et kui m\u00f5ni ese l\u00e4heb katki, siis see parandatakse v\u00f5i asendatakse operatiivselt.<\/p>\n<p>[\/vc_column_text][\/vc_column][\/vc_row][vc_row full_width=&#8221;stretch_row_content_no_spaces&#8221; css=&#8221;.vc_custom_1531482485806{background-color: #ffffff !important;}&#8221;][vc_column width=&#8221;1\/4&#8243;][\/vc_column][vc_column width=&#8221;1\/2&#8243;]\n <div class=\"iasion-section-title iasion-section-title-style\"><h2>Miks?<\/h2><\/div>\n <div class=\"iasion-section-title iasion-section-title-style\"><h4>Tootekaitse haldust teostab ``Safe Guarantee``, ja tooteid parandavad tootjate sertifitseeritud tehnilised teeninduskeskused. <\/h4><\/div>[vc_row_inner css=&#8221;.vc_custom_1526649205792{padding-bottom: 20px !important;}&#8221;][vc_column_inner width=&#8221;1\/2&#8243;]\n\n <div class=\"seo-stat-box\">\n <h1><span class=\"counter\">3500<\/span><\/h1>\n juhtumit\n <\/div>\n\n [\/vc_column_inner][vc_column_inner width=&#8221;1\/2&#8243;]\n\n <div class=\"seo-stat-box\">\n <h1><span class=\"counter\">200<\/span>k<\/h1>\n klienti\n <\/div>\n\n [\/vc_column_inner][\/vc_row_inner][\/vc_column][vc_column width=&#8221;1\/4&#8243;][\/vc_column][\/vc_row]<\/p>\n<\/div>","protected":false},"excerpt":{"rendered":"<p>[vc_row css=&#8221;.vc_custom_1505700597009{margin-top: 80px !important;}&#8221;][vc_column][vc_column_text el_class=&#8221;about-intro&#8221;] &#8220;Safe Guarantee&#8221; on uuenduslik \u00e4ri\u00fching, mis pakub tootekaitseteenuseid. Meie ekspertide meeskond, kellel on kindlustussektoris rohkem kui k\u00fcmneaastane kogemus, on p\u00fchendunud professionaalsete teenuste osutamisele, mis on k\u00f5igile k\u00e4ttesaadavad. Iga f\u00fc\u00fcsiline v\u00f5i juriidiline isik, kes ostab elektroonikaseadmeid v\u00f5i kodumasinaid, v\u00f5ib soetada j\u00e4tkuva garantii ja kindlustuse. Me tagame, et kui m\u00f5ni ese l\u00e4heb [&hellip;]<\/p>\n","protected":false},"author":1,"featured_media":4340,"parent":0,"menu_order":0,"comment_status":"closed","ping_status":"closed","template":"","meta":{"_acf_changed":false,"footnotes":""},"acf":[],"yoast_head":"\n<title>Meie kohta - Safeguarantee<\/title>\n<meta name=\"robots\" content=\"index, follow, max-snippet:-1, max-image-preview:large, max-video-preview:-1\" \/>\n<link rel=\"canonical\" href=\"https:\/\/safeguarantee.eu\/meie-kohta\/\" \/>\n<meta property=\"og:locale\" content=\"et_EE\" \/>\n<meta property=\"og:type\" content=\"article\" \/>\n<meta property=\"og:title\" content=\"Meie kohta - Safeguarantee\" \/>\n<meta property=\"og:description\" content=\"[vc_row css=&#8221;.vc_custom_1505700597009{margin-top: 80px !important;}&#8221;][vc_column][vc_column_text el_class=&#8221;about-intro&#8221;] &#8220;Safe Guarantee&#8221; on uuenduslik \u00e4ri\u00fching, mis pakub tootekaitseteenuseid. Meie ekspertide meeskond, kellel on kindlustussektoris rohkem kui k\u00fcmneaastane kogemus, on p\u00fchendunud professionaalsete teenuste osutamisele, mis on k\u00f5igile k\u00e4ttesaadavad. Iga f\u00fc\u00fcsiline v\u00f5i juriidiline isik, kes ostab elektroonikaseadmeid v\u00f5i kodumasinaid, v\u00f5ib soetada j\u00e4tkuva garantii ja kindlustuse. Me tagame, et kui m\u00f5ni ese l\u00e4heb [&hellip;]\" \/>\n<meta property=\"og:url\" content=\"https:\/\/safeguarantee.eu\/meie-kohta\/\" \/>\n<meta property=\"og:site_name\" content=\"Safeguarantee\" \/>\n<meta property=\"article:modified_time\" content=\"2022-02-01T10:36:10+00:00\" \/>\n<meta property=\"og:image\" content=\"https:\/\/safeguarantee.eu\/wp-content\/uploads\/sites\/2\/2017\/11\/photodune-17006949-family-with-grandparents-using-technology-at-home-xxl.jpg\" \/>\n\t<meta property=\"og:image:width\" content=\"1980\" \/>\n\t<meta property=\"og:image:height\" content=\"1320\" \/>\n\t<meta property=\"og:image:type\" content=\"image\/jpeg\" \/>\n<meta name=\"twitter:card\" content=\"summary_large_image\" \/>\n<meta name=\"twitter:label1\" content=\"Est. reading time\" \/>\n\t<meta name=\"twitter:data1\" content=\"1 minut\" \/>\n<script type=\"application\/ld+json\" class=\"yoast-schema-graph\">{\"@context\":\"https:\/\/schema.org\",\"@graph\":[{\"@type\":\"WebPage\",\"@id\":\"https:\/\/safeguarantee.eu\/meie-kohta\/\",\"url\":\"https:\/\/safeguarantee.eu\/meie-kohta\/\",\"name\":\"Meie kohta - Safeguarantee\",\"isPartOf\":{\"@id\":\"https:\/\/safeguarantee.eu\/#website\"},\"datePublished\":\"2022-01-21T13:25:39+00:00\",\"dateModified\":\"2022-02-01T10:36:10+00:00\",\"breadcrumb\":{\"@id\":\"https:\/\/safeguarantee.eu\/meie-kohta\/#breadcrumb\"},\"inLanguage\":\"et\",\"potentialAction\":[{\"@type\":\"ReadAction\",\"target\":[\"https:\/\/safeguarantee.eu\/meie-kohta\/\"]}]},{\"@type\":\"BreadcrumbList\",\"@id\":\"https:\/\/safeguarantee.eu\/meie-kohta\/#breadcrumb\",\"itemListElement\":[{\"@type\":\"ListItem\",\"position\":1,\"name\":\"Home\",\"item\":\"https:\/\/safeguarantee.eu\/et\/\"},{\"@type\":\"ListItem\",\"position\":2,\"name\":\"Meie kohta\"}]},{\"@type\":\"WebSite\",\"@id\":\"https:\/\/safeguarantee.eu\/#website\",\"url\":\"https:\/\/safeguarantee.eu\/\",\"name\":\"Safeguarantee\",\"description\":\"apsidrausk\",\"potentialAction\":[{\"@type\":\"SearchAction\",\"target\":{\"@type\":\"EntryPoint\",\"urlTemplate\":\"https:\/\/safeguarantee.eu\/?s={search_term_string}\"},\"query-input\":\"required name=search_term_string\"}],\"inLanguage\":\"et\"}]}<\/script>\n","yoast_head_json":{"title":"Meie kohta - Safeguarantee","robots":{"index":"index","follow":"follow","max-snippet":"max-snippet:-1","max-image-preview":"max-image-preview:large","max-video-preview":"max-video-preview:-1"},"canonical":"https:\/\/safeguarantee.eu\/meie-kohta\/","og_locale":"et_EE","og_type":"article","og_title":"Meie kohta - Safeguarantee","og_description":"[vc_row css=&#8221;.vc_custom_1505700597009{margin-top: 80px !important;}&#8221;][vc_column][vc_column_text el_class=&#8221;about-intro&#8221;] &#8220;Safe Guarantee&#8221; on uuenduslik \u00e4ri\u00fching, mis pakub tootekaitseteenuseid. Meie ekspertide meeskond, kellel on kindlustussektoris rohkem kui k\u00fcmneaastane kogemus, on p\u00fchendunud professionaalsete teenuste osutamisele, mis on k\u00f5igile k\u00e4ttesaadavad. Iga f\u00fc\u00fcsiline v\u00f5i juriidiline isik, kes ostab elektroonikaseadmeid v\u00f5i kodumasinaid, v\u00f5ib soetada j\u00e4tkuva garantii ja kindlustuse. Me tagame, et kui m\u00f5ni ese l\u00e4heb [&hellip;]","og_url":"https:\/\/safeguarantee.eu\/meie-kohta\/","og_site_name":"Safeguarantee","article_modified_time":"2022-02-01T10:36:10+00:00","og_image":[{"width":1980,"height":1320,"url":"https:\/\/safeguarantee.eu\/wp-content\/uploads\/sites\/2\/2017\/11\/photodune-17006949-family-with-grandparents-using-technology-at-home-xxl.jpg","type":"image\/jpeg"}],"twitter_card":"summary_large_image","twitter_misc":{"Est. reading time":"1 minut"},"schema":{"@context":"https:\/\/schema.org","@graph":[{"@type":"WebPage","@id":"https:\/\/safeguarantee.eu\/meie-kohta\/","url":"https:\/\/safeguarantee.eu\/meie-kohta\/","name":"Meie kohta - Safeguarantee","isPartOf":{"@id":"https:\/\/safeguarantee.eu\/#website"},"datePublished":"2022-01-21T13:25:39+00:00","dateModified":"2022-02-01T10:36:10+00:00","breadcrumb":{"@id":"https:\/\/safeguarantee.eu\/meie-kohta\/#breadcrumb"},"inLanguage":"et","potentialAction":[{"@type":"ReadAction","target":["https:\/\/safeguarantee.eu\/meie-kohta\/"]}]},{"@type":"BreadcrumbList","@id":"https:\/\/safeguarantee.eu\/meie-kohta\/#breadcrumb","itemListElement":[{"@type":"ListItem","position":1,"name":"Home","item":"https:\/\/safeguarantee.eu\/et\/"},{"@type":"ListItem","position":2,"name":"Meie kohta"}]},{"@type":"WebSite","@id":"https:\/\/safeguarantee.eu\/#website","url":"https:\/\/safeguarantee.eu\/","name":"Safeguarantee","description":"apsidrausk","potentialAction":[{"@type":"SearchAction","target":{"@type":"EntryPoint","urlTemplate":"https:\/\/safeguarantee.eu\/?s={search_term_string}"},"query-input":"required name=search_term_string"}],"inLanguage":"et"}]}},"_links":{"self":[{"href":"https:\/\/safeguarantee.eu\/et\/wp-json\/wp\/v2\/pages\/4825"}],"collection":[{"href":"https:\/\/safeguarantee.eu\/et\/wp-json\/wp\/v2\/pages"}],"about":[{"href":"https:\/\/safeguarantee.eu\/et\/wp-json\/wp\/v2\/types\/page"}],"author":[{"embeddable":true,"href":"https:\/\/safeguarantee.eu\/et\/wp-json\/wp\/v2\/users\/1"}],"replies":[{"embeddable":true,"href":"https:\/\/safeguarantee.eu\/et\/wp-json\/wp\/v2\/comments?post=4825"}],"version-history":[{"count":7,"href":"https:\/\/safeguarantee.eu\/et\/wp-json\/wp\/v2\/pages\/4825\/revisions"}],"predecessor-version":[{"id":5611,"href":"https:\/\/safeguarantee.eu\/et\/wp-json\/wp\/v2\/pages\/4825\/revisions\/5611"}],"wp:featuredmedia":[{"embeddable":true,"href":"https:\/\/safeguarantee.eu\/et\/wp-json\/wp\/v2\/media\/4340"}],"wp:attachment":[{"href":"https:\/\/safeguarantee.eu\/et\/wp-json\/wp\/v2\/media?parent=4825"}],"curies":[{"name":"wp","href":"https:\/\/api.w.org\/{rel}","templated":true}]}}