{"id":5458,"date":"2022-01-28T10:15:48","date_gmt":"2022-01-28T08:15:48","guid":{"rendered":"https:\/\/safeguarantee.eu\/toukerattad\/"},"modified":"2022-01-28T16:21:50","modified_gmt":"2022-01-28T14:21:50","slug":"toukerattad","status":"publish","type":"page","link":"https:\/\/safeguarantee.eu\/et\/toukerattad\/","title":{"rendered":"T\u00f5ukerattad"},"content":{"rendered":"<div class=\"wpb-content-wrapper\"><p>[vc_row][vc_column][vc_row_inner][vc_column_inner][vc_empty_space css=&#8221;.vc_custom_1530282198818{background-color: #f4f4f4 !important;}&#8221;][\/vc_column_inner][\/vc_row_inner][\/vc_column][\/vc_row][vc_row][vc_column][vc_empty_space]\n <div class=\"iasion-section-title iasion-section-title-style\"><h4>Milliseid kaupu saab kaitsta?<\/h4><h2>Elektrilised t\u00f5ukerattad<\/h2><\/div>[vc_row_inner el_class=&#8221;custom-hover-tools&#8221;][vc_column_inner]\n <div class=\"consulto-feature-box\">\n <div class= \"consulto-feature-icon\">\n <div class=\"consulto-feature-table\">\n <div class=\"consulto-feature-table-cell\"><i class=\"fa fa-check\"><\/i>\n <\/div>\n <\/div>\n <\/div>\n\n <div class= \"consulto-feature-content\">\n <h3>T\u00f5ukerattad<\/h3>\n \n \n <\/div>\n\n <\/div>\n \n [\/vc_column_inner][\/vc_row_inner][vc_empty_space height=&#8221;80&#8243;][\/vc_column][\/vc_row][vc_row css=&#8221;.vc_custom_1530277691608{background-color: #f4f4f4 !important;}&#8221;][vc_column][vc_row_inner][vc_column_inner]\n <div class=\"iasion-section-title iasion-section-title-style\"><h4>Toote kaitse.<\/h4><h2>Ostukindlustus<\/h2><\/div>[\/vc_column_inner][\/vc_row_inner][\/vc_column][\/vc_row][vc_row css=&#8221;.vc_custom_1530519493109{background-color: #f4f4f4 !important;}&#8221; el_class=&#8221;custom-no-padding&#8221;][vc_column width=&#8221;1\/2&#8243;][vc_column_text]<\/p>\n<h3>Teenusepaketid<\/h3>\n<p>[\/vc_column_text][vc_tta_accordion active_section=&#8221;4&#8243; collapsible_all=&#8221;true&#8221;][vc_tta_section title=&#8221;Ostukindlustus&#8221; tab_id=&#8221;1530277383932-74f04027-1ac5&#8243;][vc_column_text]<\/p>\n<p class=\"western\" lang=\"en-GB\">See teenus kehtib k\u00f5ikidele elektrilistele t\u00f5ukeratastele. Kindlustuslepingu kehtivuse v\u00f5ite valida 1. v\u00f5i 2 aastat.<\/p>\n<p>[\/vc_column_text][\/vc_tta_section][\/vc_tta_accordion][\/vc_column][vc_column width=&#8221;1\/2&#8243; el_class=&#8221;custom-no-padding custom-icon color&#8221;]\n <div class=\"consulto-feature-box\">\n <div class= \"consulto-feature-icon\">\n <div class=\"consulto-feature-table\">\n <div class=\"consulto-feature-table-cell\"><i class=\"fa fa-handshake-o\"><\/i>\n <\/div>\n <\/div>\n <\/div>\n\n <div class= \"consulto-feature-content\">\n <h3><\/h3>\n <p>Plaanid kehtivad f\u00fc\u00fcsilistele v\u00f5i juriidilistele isikutele.<\/p>\n\n \n <\/div>\n\n <\/div>\n \n \n <div class=\"consulto-feature-box\">\n <div class= \"consulto-feature-icon\">\n <div class=\"consulto-feature-table\">\n <div class=\"consulto-feature-table-cell\"><i class=\"fa fa-ban\"><\/i>\n <\/div>\n <\/div>\n <\/div>\n\n <div class= \"consulto-feature-content\">\n <h3><\/h3>\n <p>Kiirremont. Kasutatakse vaid originaalosi. Kahjude v\u00e4hendamine. Kindlustuskaitse h\u00f5lmab avariid, tule- ja veekahjusid. Kaitse varguse eest.<\/p>\n\n \n <\/div>\n\n <\/div>\n \n [\/vc_column][\/vc_row][vc_row el_class=&#8221;custom-no-padding&#8221;][vc_column][vc_empty_space css=&#8221;.vc_custom_1530195660157{background-color: #f4f4f4 !important;}&#8221;][\/vc_column][\/vc_row][vc_row full_width=&#8221;stretch_row_content&#8221; css=&#8221;.vc_custom_1530520674839{background-color: #f4f4f4 !important;background-position: center !important;background-repeat: no-repeat !important;background-size: cover !important;}&#8221; el_class=&#8221;custom-no-padding&#8221;][vc_column][vc_row_inner css=&#8221;.vc_custom_1530195536584{background-color: #f4f4f4 !important;}&#8221;][vc_column_inner width=&#8221;1\/6&#8243;][\/vc_column_inner][vc_column_inner width=&#8221;2\/3&#8243;][vc_btn title=&#8221;Lisateabe saamiseks v\u00f5tke meiega \u00fchendust aadressil estonia@safeguarantee.eu v\u00f5i telefonil +372 519 97752&#8243; style=&#8221;classic&#8221; shape=&#8221;round&#8221; color=&#8221;default&#8221; align=&#8221;center&#8221; button_block=&#8221;true&#8221; link=&#8221;url:http%3A%2F%2Fsafeguarantee.eu%2Fet%2Fkontaktandmed%2F|target:%20_blank|&#8221; el_class=&#8221;vc_btn3-style-classic&#8221;][\/vc_column_inner][vc_column_inner width=&#8221;1\/6&#8243;][\/vc_column_inner][\/vc_row_inner][\/vc_column][\/vc_row]<\/p>\n<\/div>","protected":false},"excerpt":{"rendered":"<p>[vc_row][vc_column][vc_row_inner][vc_column_inner][vc_empty_space css=&#8221;.vc_custom_1530282198818{background-color: #f4f4f4 !important;}&#8221;][\/vc_column_inner][\/vc_row_inner][\/vc_column][\/vc_row][vc_row][vc_column][vc_empty_space][vc_row_inner el_class=&#8221;custom-hover-tools&#8221;][vc_column_inner][\/vc_column_inner][\/vc_row_inner][vc_empty_space height=&#8221;80&#8243;][\/vc_column][\/vc_row][vc_row css=&#8221;.vc_custom_1530277691608{background-color: #f4f4f4 !important;}&#8221;][vc_column][vc_row_inner][vc_column_inner][\/vc_column_inner][\/vc_row_inner][\/vc_column][\/vc_row][vc_row css=&#8221;.vc_custom_1530519493109{background-color: #f4f4f4 !important;}&#8221; el_class=&#8221;custom-no-padding&#8221;][vc_column width=&#8221;1\/2&#8243;][vc_column_text] Teenusepaketid [\/vc_column_text][vc_tta_accordion active_section=&#8221;4&#8243; collapsible_all=&#8221;true&#8221;][vc_tta_section title=&#8221;Ostukindlustus&#8221; tab_id=&#8221;1530277383932-74f04027-1ac5&#8243;][vc_column_text] See teenus kehtib k\u00f5ikidele elektrilistele t\u00f5ukeratastele. Kindlustuslepingu kehtivuse v\u00f5ite valida 1. v\u00f5i 2 aastat. [\/vc_column_text][\/vc_tta_section][\/vc_tta_accordion][\/vc_column][vc_column width=&#8221;1\/2&#8243; el_class=&#8221;custom-no-padding custom-icon color&#8221;][\/vc_column][\/vc_row][vc_row el_class=&#8221;custom-no-padding&#8221;][vc_column][vc_empty_space css=&#8221;.vc_custom_1530195660157{background-color: #f4f4f4 !important;}&#8221;][\/vc_column][\/vc_row][vc_row full_width=&#8221;stretch_row_content&#8221; css=&#8221;.vc_custom_1530520674839{background-color: #f4f4f4 !important;background-position: center !important;background-repeat: no-repeat !important;background-size: cover !important;}&#8221; el_class=&#8221;custom-no-padding&#8221;][vc_column][vc_row_inner css=&#8221;.vc_custom_1530195536584{background-color: [&hellip;]<\/p>\n","protected":false},"author":1,"featured_media":4498,"parent":0,"menu_order":0,"comment_status":"closed","ping_status":"closed","template":"","meta":{"_acf_changed":false,"footnotes":""},"acf":[],"yoast_head":"\n<title>T\u00f5ukerattad - Safeguarantee<\/title>\n<meta name=\"robots\" content=\"index, follow, max-snippet:-1, max-image-preview:large, max-video-preview:-1\" \/>\n<link rel=\"canonical\" href=\"https:\/\/safeguarantee.eu\/et\/toukerattad\/\" \/>\n<meta property=\"og:locale\" content=\"et_EE\" \/>\n<meta property=\"og:type\" content=\"article\" \/>\n<meta property=\"og:title\" content=\"T\u00f5ukerattad - Safeguarantee\" \/>\n<meta property=\"og:description\" content=\"[vc_row][vc_column][vc_row_inner][vc_column_inner][vc_empty_space css=&#8221;.vc_custom_1530282198818{background-color: #f4f4f4 !important;}&#8221;][\/vc_column_inner][\/vc_row_inner][\/vc_column][\/vc_row][vc_row][vc_column][vc_empty_space][vc_row_inner el_class=&#8221;custom-hover-tools&#8221;][vc_column_inner][\/vc_column_inner][\/vc_row_inner][vc_empty_space height=&#8221;80&#8243;][\/vc_column][\/vc_row][vc_row css=&#8221;.vc_custom_1530277691608{background-color: #f4f4f4 !important;}&#8221;][vc_column][vc_row_inner][vc_column_inner][\/vc_column_inner][\/vc_row_inner][\/vc_column][\/vc_row][vc_row css=&#8221;.vc_custom_1530519493109{background-color: #f4f4f4 !important;}&#8221; el_class=&#8221;custom-no-padding&#8221;][vc_column width=&#8221;1\/2&#8243;][vc_column_text] Teenusepaketid [\/vc_column_text][vc_tta_accordion active_section=&#8221;4&#8243; collapsible_all=&#8221;true&#8221;][vc_tta_section title=&#8221;Ostukindlustus&#8221; tab_id=&#8221;1530277383932-74f04027-1ac5&#8243;][vc_column_text] See teenus kehtib k\u00f5ikidele elektrilistele t\u00f5ukeratastele. Kindlustuslepingu kehtivuse v\u00f5ite valida 1. v\u00f5i 2 aastat. [\/vc_column_text][\/vc_tta_section][\/vc_tta_accordion][\/vc_column][vc_column width=&#8221;1\/2&#8243; el_class=&#8221;custom-no-padding custom-icon color&#8221;][\/vc_column][\/vc_row][vc_row el_class=&#8221;custom-no-padding&#8221;][vc_column][vc_empty_space css=&#8221;.vc_custom_1530195660157{background-color: #f4f4f4 !important;}&#8221;][\/vc_column][\/vc_row][vc_row full_width=&#8221;stretch_row_content&#8221; css=&#8221;.vc_custom_1530520674839{background-color: #f4f4f4 !important;background-position: center !important;background-repeat: no-repeat !important;background-size: cover !important;}&#8221; el_class=&#8221;custom-no-padding&#8221;][vc_column][vc_row_inner css=&#8221;.vc_custom_1530195536584{background-color: [&hellip;]\" \/>\n<meta property=\"og:url\" content=\"https:\/\/safeguarantee.eu\/et\/toukerattad\/\" \/>\n<meta property=\"og:site_name\" content=\"Safeguarantee\" \/>\n<meta property=\"article:modified_time\" content=\"2022-01-28T14:21:50+00:00\" \/>\n<meta property=\"og:image\" content=\"https:\/\/safeguarantee.eu\/wp-content\/uploads\/sites\/2\/2018\/07\/29721149_TV-watching-couple-title.jpg\" \/>\n\t<meta property=\"og:image:width\" content=\"844\" \/>\n\t<meta property=\"og:image:height\" content=\"326\" \/>\n\t<meta property=\"og:image:type\" content=\"image\/jpeg\" \/>\n<meta name=\"twitter:card\" content=\"summary_large_image\" \/>\n<meta name=\"twitter:label1\" content=\"Est. reading time\" \/>\n\t<meta name=\"twitter:data1\" content=\"2 minutit\" \/>\n<script type=\"application\/ld+json\" class=\"yoast-schema-graph\">{\"@context\":\"https:\/\/schema.org\",\"@graph\":[{\"@type\":\"WebPage\",\"@id\":\"https:\/\/safeguarantee.eu\/et\/toukerattad\/\",\"url\":\"https:\/\/safeguarantee.eu\/et\/toukerattad\/\",\"name\":\"T\u00f5ukerattad - Safeguarantee\",\"isPartOf\":{\"@id\":\"https:\/\/safeguarantee.eu\/#website\"},\"datePublished\":\"2022-01-28T08:15:48+00:00\",\"dateModified\":\"2022-01-28T14:21:50+00:00\",\"breadcrumb\":{\"@id\":\"https:\/\/safeguarantee.eu\/et\/toukerattad\/#breadcrumb\"},\"inLanguage\":\"et\",\"potentialAction\":[{\"@type\":\"ReadAction\",\"target\":[\"https:\/\/safeguarantee.eu\/et\/toukerattad\/\"]}]},{\"@type\":\"BreadcrumbList\",\"@id\":\"https:\/\/safeguarantee.eu\/et\/toukerattad\/#breadcrumb\",\"itemListElement\":[{\"@type\":\"ListItem\",\"position\":1,\"name\":\"Home\",\"item\":\"https:\/\/safeguarantee.eu\/et\/\"},{\"@type\":\"ListItem\",\"position\":2,\"name\":\"T\u00f5ukerattad\"}]},{\"@type\":\"WebSite\",\"@id\":\"https:\/\/safeguarantee.eu\/#website\",\"url\":\"https:\/\/safeguarantee.eu\/\",\"name\":\"Safeguarantee\",\"description\":\"apsidrausk\",\"potentialAction\":[{\"@type\":\"SearchAction\",\"target\":{\"@type\":\"EntryPoint\",\"urlTemplate\":\"https:\/\/safeguarantee.eu\/?s={search_term_string}\"},\"query-input\":\"required name=search_term_string\"}],\"inLanguage\":\"et\"}]}<\/script>\n","yoast_head_json":{"title":"T\u00f5ukerattad - Safeguarantee","robots":{"index":"index","follow":"follow","max-snippet":"max-snippet:-1","max-image-preview":"max-image-preview:large","max-video-preview":"max-video-preview:-1"},"canonical":"https:\/\/safeguarantee.eu\/et\/toukerattad\/","og_locale":"et_EE","og_type":"article","og_title":"T\u00f5ukerattad - Safeguarantee","og_description":"[vc_row][vc_column][vc_row_inner][vc_column_inner][vc_empty_space css=&#8221;.vc_custom_1530282198818{background-color: #f4f4f4 !important;}&#8221;][\/vc_column_inner][\/vc_row_inner][\/vc_column][\/vc_row][vc_row][vc_column][vc_empty_space][vc_row_inner el_class=&#8221;custom-hover-tools&#8221;][vc_column_inner][\/vc_column_inner][\/vc_row_inner][vc_empty_space height=&#8221;80&#8243;][\/vc_column][\/vc_row][vc_row css=&#8221;.vc_custom_1530277691608{background-color: #f4f4f4 !important;}&#8221;][vc_column][vc_row_inner][vc_column_inner][\/vc_column_inner][\/vc_row_inner][\/vc_column][\/vc_row][vc_row css=&#8221;.vc_custom_1530519493109{background-color: #f4f4f4 !important;}&#8221; el_class=&#8221;custom-no-padding&#8221;][vc_column width=&#8221;1\/2&#8243;][vc_column_text] Teenusepaketid [\/vc_column_text][vc_tta_accordion active_section=&#8221;4&#8243; collapsible_all=&#8221;true&#8221;][vc_tta_section title=&#8221;Ostukindlustus&#8221; tab_id=&#8221;1530277383932-74f04027-1ac5&#8243;][vc_column_text] See teenus kehtib k\u00f5ikidele elektrilistele t\u00f5ukeratastele. Kindlustuslepingu kehtivuse v\u00f5ite valida 1. v\u00f5i 2 aastat. [\/vc_column_text][\/vc_tta_section][\/vc_tta_accordion][\/vc_column][vc_column width=&#8221;1\/2&#8243; el_class=&#8221;custom-no-padding custom-icon color&#8221;][\/vc_column][\/vc_row][vc_row el_class=&#8221;custom-no-padding&#8221;][vc_column][vc_empty_space css=&#8221;.vc_custom_1530195660157{background-color: #f4f4f4 !important;}&#8221;][\/vc_column][\/vc_row][vc_row full_width=&#8221;stretch_row_content&#8221; css=&#8221;.vc_custom_1530520674839{background-color: #f4f4f4 !important;background-position: center !important;background-repeat: no-repeat !important;background-size: cover !important;}&#8221; el_class=&#8221;custom-no-padding&#8221;][vc_column][vc_row_inner css=&#8221;.vc_custom_1530195536584{background-color: [&hellip;]","og_url":"https:\/\/safeguarantee.eu\/et\/toukerattad\/","og_site_name":"Safeguarantee","article_modified_time":"2022-01-28T14:21:50+00:00","og_image":[{"width":844,"height":326,"url":"https:\/\/safeguarantee.eu\/wp-content\/uploads\/sites\/2\/2018\/07\/29721149_TV-watching-couple-title.jpg","type":"image\/jpeg"}],"twitter_card":"summary_large_image","twitter_misc":{"Est. reading time":"2 minutit"},"schema":{"@context":"https:\/\/schema.org","@graph":[{"@type":"WebPage","@id":"https:\/\/safeguarantee.eu\/et\/toukerattad\/","url":"https:\/\/safeguarantee.eu\/et\/toukerattad\/","name":"T\u00f5ukerattad - Safeguarantee","isPartOf":{"@id":"https:\/\/safeguarantee.eu\/#website"},"datePublished":"2022-01-28T08:15:48+00:00","dateModified":"2022-01-28T14:21:50+00:00","breadcrumb":{"@id":"https:\/\/safeguarantee.eu\/et\/toukerattad\/#breadcrumb"},"inLanguage":"et","potentialAction":[{"@type":"ReadAction","target":["https:\/\/safeguarantee.eu\/et\/toukerattad\/"]}]},{"@type":"BreadcrumbList","@id":"https:\/\/safeguarantee.eu\/et\/toukerattad\/#breadcrumb","itemListElement":[{"@type":"ListItem","position":1,"name":"Home","item":"https:\/\/safeguarantee.eu\/et\/"},{"@type":"ListItem","position":2,"name":"T\u00f5ukerattad"}]},{"@type":"WebSite","@id":"https:\/\/safeguarantee.eu\/#website","url":"https:\/\/safeguarantee.eu\/","name":"Safeguarantee","description":"apsidrausk","potentialAction":[{"@type":"SearchAction","target":{"@type":"EntryPoint","urlTemplate":"https:\/\/safeguarantee.eu\/?s={search_term_string}"},"query-input":"required name=search_term_string"}],"inLanguage":"et"}]}},"_links":{"self":[{"href":"https:\/\/safeguarantee.eu\/et\/wp-json\/wp\/v2\/pages\/5458"}],"collection":[{"href":"https:\/\/safeguarantee.eu\/et\/wp-json\/wp\/v2\/pages"}],"about":[{"href":"https:\/\/safeguarantee.eu\/et\/wp-json\/wp\/v2\/types\/page"}],"author":[{"embeddable":true,"href":"https:\/\/safeguarantee.eu\/et\/wp-json\/wp\/v2\/users\/1"}],"replies":[{"embeddable":true,"href":"https:\/\/safeguarantee.eu\/et\/wp-json\/wp\/v2\/comments?post=5458"}],"version-history":[{"count":4,"href":"https:\/\/safeguarantee.eu\/et\/wp-json\/wp\/v2\/pages\/5458\/revisions"}],"predecessor-version":[{"id":5513,"href":"https:\/\/safeguarantee.eu\/et\/wp-json\/wp\/v2\/pages\/5458\/revisions\/5513"}],"wp:featuredmedia":[{"embeddable":true,"href":"https:\/\/safeguarantee.eu\/et\/wp-json\/wp\/v2\/media\/4498"}],"wp:attachment":[{"href":"https:\/\/safeguarantee.eu\/et\/wp-json\/wp\/v2\/media?parent=5458"}],"curies":[{"name":"wp","href":"https:\/\/api.w.org\/{rel}","templated":true}]}}